{"id":51,"date":"2021-06-22T22:15:01","date_gmt":"2021-06-22T22:15:50","guid":{"rendered":"https:\/\/devtest.www.olympicdairy.com\/?page_id=51"},"modified":"2025-12-23T10:20:34","modified_gmt":"2025-12-23T15:20:34","slug":"design-components-2","status":"publish","type":"page","link":"https:\/\/olympicdairy.com\/en\/","title":{"rendered":"Home"},"content":{"rendered":"\n<div class=\"wp-block-columns alignfull are-vertically-aligned-center olympic-page-hero-container alignfull\">\n    <div class=\"wp-block-column is-vertically-aligned-center\">\n        <div class=\"wp-block-cover alignfull\">\n                            <div class=\"overlay\"><\/div>\n                        <img loading=\"lazy\" class=\"wp-block-cover__image-background\" alt=\"Olympic Dairy Cows in fields\" src=\"https:\/\/olympicdairy.com\/wp-content\/uploads\/2021\/11\/Homepage_Hero_1440x810.jpg\" data-object-fit=\"cover\" width=\"1440\" height=\"810\">\n            <div class=\"wp-block-cover__inner-container\">\n                <h1 class=\"has-text-align-center heading-strong\">Good nature.<br \/>\nGood people.<br \/>\nGood yogurt.\n<\/h1>\n                <p>Olympic yogurt is made by good people with a west coast spirit. We only use 100% natural source ingredients and Canadian, fresh milk from grassfed cows<\/p>\n            <\/div>\n        <\/div>\n    <\/div>\n<\/div>\n\n\n<div class=\"wp-block-columns alignfull are-vertically-aligned-center olympic-page-image-text-container alignfull\">\n    <div class=\"wp-block-column is-vertically-aligned-center\">\n        <div class=\"wp-block-group__inner-container image-text-container\">\n            <div class=\"wp-block-group row alignwide\">\n                <div class=\"wp-block-columns \">\n                    <div class=\"wp-block-column image\">\n                        <img loading=\"lazy\" \n                             src=\"https:\/\/olympicdairy.com\/wp-content\/uploads\/2024\/08\/product_line_en-1.png\" alt=\"\" \n                             width=\"1920\" \n                             height=\"1440\">\n                    <\/div>\n                    <div class=\"wp-block-column copy\">\n                        <h2 class=\"has-text-align-left heading-strong\">Products made with 100% natural source ingredients and with a west coast spirit that\u2019s pure BC<\/h2>\n                        <div class=\"has-text-align-left descriptive\">\n                            <p>At Olympic, with the fresh milk from our grassfed cows, we make top-quality dairy products. <\/p>\n<p><a class=\"cta\" href=\"https:\/\/www.olympicdairy.com\/en\/about\/\">Discover Olympic&#8217;s Spirit<\/a><\/p>\n<p><img loading=\"lazy\" src=\"https:\/\/olympicdairy.com\/wp-content\/uploads\/2021\/11\/Homepage_NaturalProduct2_720x480.jpg\" alt=\"Female enjoying strawberry yogurt\" width=\"720\" height=\"480\" class=\"alignnone size-full wp-image-1780\" \/><\/p>\n                        <\/div>\n                    <\/div>\n                <\/div>\n            <\/div>\n        <\/div>\n    <\/div>\n<\/div>\n\n\n<div class=\"wp-block-group alignfull olympic-citation is-style-default has-background\" style=\"background-color:#f2ebe7\"><div class=\"wp-block-group__inner-container\">\n<h2 class=\"alignwide has-text-align-center has-text-color\" style=\"color:#215732\"><strong>Our cows live close to our dairies. You can taste it in their fresh milk. Our products are made with 100% natural source ingredients and are always fresh. It\u2019s&nbsp;that&nbsp;simple.<\/strong><\/h2>\n<\/div><\/div>\n\n\n\n<div class=\"wp-block-columns alignfull are-vertically-aligned-center olympic-page-image-text-container alignfull\">\n    <div class=\"wp-block-column is-vertically-aligned-center\">\n        <div class=\"wp-block-group__inner-container image-text-container\">\n            <div class=\"wp-block-group row alignwide\">\n                <div class=\"wp-block-columns reverse\">\n                    <div class=\"wp-block-column image\">\n                        <img loading=\"lazy\" \n                             src=\"https:\/\/olympicdairy.com\/wp-content\/uploads\/2021\/11\/Homepage_GoodFarming1_720x480.jpg\" alt=\"Good Farming cows in field\" \n                             width=\"720\" \n                             height=\"480\">\n                    <\/div>\n                    <div class=\"wp-block-column copy\">\n                        <h2 class=\"has-text-align-left heading-strong\">What\u2019s good about organic farming<\/h2>\n                        <div class=\"has-text-align-left descriptive\">\n                            <p>At Olympic, organic farming is not a fad. It\u2019s a way of life. And it\u2019s good for everyone: the people and also our cows.<\/p>\n<p><a class=\"cta\" title=\"Discover Olympic\u2019s spirit\" href=\"\/en\/why-organic\/\">Discover the benefits of going organic<\/a><\/p>\n<p><img loading=\"lazy\" class=\"alignnone size-full wp-image-1782\" src=\"https:\/\/www.olympicdairy.com\/wp-content\/uploads\/2021\/11\/Homepage_GoodFarming2_720x480.jpg\" alt=\"Happy cow\" width=\"720\" height=\"480\" \/><\/p>\n                        <\/div>\n                    <\/div>\n                <\/div>\n            <\/div>\n        <\/div>\n    <\/div>\n<\/div>\n\n\n<div class=\"wp-block-columns alignfull are-vertically-aligned-center olympic-page-product-highlight-container \">\n    <div class=\"wp-block-column is-vertically-aligned-center\">\n        <div class=\"alignfull\">\n            <div class=\"inner-container\">\n                <div class=\"p-family\">\n                    <div class=\"p-title\">\n                        <h3>Discover our line of delicious products<\/h3>\n                        <div class=\"owl-nav\">\n                            <button type=\"button\" role=\"button\" class=\"owl-prev disabled\">\n                                <span aria-label=\"Previous\"><\/span>\n                            <\/button>\n                            <button type=\"button\" role=\"button\" class=\"owl-next\">\n                                <span aria-label=\"Next\"><\/span>\n                            <\/button>\n                        <\/div>\n                    <\/div>\n                    <div class=\"p-products\">\n                                                    <div class=\"p-product\">\n                                <img loading=\"lazy\" class=\"product-image\" alt=\"\" src=\"https:\/\/olympicdairy.com\/wp-content\/uploads\/2024\/08\/krema_en.png\" width=\"1000\" height=\"750\" \/>\n                                <div class=\"title\"> Krema <\/div>\n                                <div class=\"txt\">Our Krema lineup is the definition of pure pleasure. Enjoy our products made with cream and fresh milk. It\u2019s always better when it\u2019s Krema!<\/div>\n                                <a href=\"https:\/\/kremadairy.com\/\" class=\"btn\">See our Krema products<\/a>\n                            <\/div>\n                                                    <div class=\"p-product\">\n                                <img loading=\"lazy\" class=\"product-image\" alt=\"\" src=\"https:\/\/olympicdairy.com\/wp-content\/uploads\/2024\/08\/blueberry_en-1.png\" width=\"1000\" height=\"750\" \/>\n                                <div class=\"title\">Organic<\/div>\n                                <div class=\"txt\">Discover the products of our Organic lineup made with, fresh, organic milk from our grassfed cows &#8211; naturally! Organic yogurt is better for everyone: the people and also our cows.<\/div>\n                                <a href=\"https:\/\/www.olympicdairy.com\/en\/products\/organic\/\" class=\"btn\">See our Organic products<\/a>\n                            <\/div>\n                                                    <div class=\"p-product\">\n                                <img loading=\"lazy\" class=\"product-image\" alt=\"\" src=\"https:\/\/olympicdairy.com\/wp-content\/uploads\/2024\/08\/greek2_en-1.png\" width=\"1000\" height=\"750\" \/>\n                                <div class=\"title\">Greek<\/div>\n                                <div class=\"txt\">Our Greek yogurt has everything you need to keep you satisfied. With its thick and smooth texture, velvety taste and high protein content, you won&#8217;t be able to resist it.<\/div>\n                                <a href=\"https:\/\/www.olympicdairy.com\/en\/products\/greek\/\" class=\"btn\">See our Greek products<\/a>\n                            <\/div>\n                                            <\/div>\n                <\/div>\n            <\/div>\n        <\/div>\n    <\/div>\n<\/div>\n\n\n<div class=\"wp-block-columns alignfull are-vertically-aligned-center olympic-page-magazine-cards-container\">\n    <div class=\"wp-block-column is-vertically-aligned-center\">\n        <div class=\"alignfull\">\n            <div class=\"inner-container\">\n\n                <h2>Good fresh content for you<\/h2>\n                <div class=\"articles\">\n                    \n\n                            <div class=\"olympic-recipe-callout\">\n                                <div class=\"image-container\">\n                                    <a href=\"https:\/\/olympicdairy.com\/en\/recipes\/yogurt-creme-brulee\/\" aria-label=\"Yogurt cr\u00e8me br\u00fbl\u00e9e\">\n                                        <img loading=\"lazy\" src=\"https:\/\/olympicdairy.com\/wp-content\/uploads\/2021\/11\/yogurt-creme-brulee-thumb-2.jpg\" width=\"330\" height=\"400\" alt=\"\" \/>\n                                    <\/a>\n                                <\/div>\n                                <div class=\"content\">\n                                    <div class=\"card-type\">\n                                        <div>Recipe<\/div>\n                                    <\/div>\n                                    <div class=\"card-title\">\n                                        <div><a href=\"https:\/\/olympicdairy.com\/en\/recipes\/yogurt-creme-brulee\/\" aria-label=\"Yogurt cr\u00e8me br\u00fbl\u00e9e\">Yogurt cr\u00e8me br\u00fbl\u00e9e<\/a><\/div>\n                                    <\/div>\n                                    <div class=\"info-container\">\n                                        <div class=\"info-item\">\n                                            <div>Prep Time<\/div>\n                                            <div>15 minutes<\/div>\n                                        <\/div>\n                                        <div class=\"info-item\">\n                                            <div>Cook Time<\/div>\n                                            <div>10 minutes<\/div>\n                                        <\/div>\n                                        <div class=\"info-item\">\n                                            <div>Serves<\/div>\n                                            <div>4<\/div>\n                                        <\/div>\n                                    <\/div>\n                                    <a class=\"link-right\" href=\"https:\/\/olympicdairy.com\/en\/recipes\/yogurt-creme-brulee\/\" aria-label=\"Read More\">Read More<\/a>\n                                <\/div>\n                            <\/div>\n\n\n                        \n                    \n\n                            <div class=\"olympic-recipe-callout\">\n                                <div class=\"image-container\">\n                                    <a href=\"https:\/\/olympicdairy.com\/en\/recipes\/almond-banana-vanilla-yogurt-and-passion-fruit-smoothie-bowl\/\" aria-label=\"Almond, banana, vanilla yogurt and passion fruit smoothie bowl\">\n                                        <img loading=\"lazy\" src=\"https:\/\/olympicdairy.com\/wp-content\/uploads\/2021\/11\/almond-banana-thumb-1.jpg\" width=\"330\" height=\"400\" alt=\"Almond, banana, vanilla yogurt and passion fruit smoothie bowl\" \/>\n                                    <\/a>\n                                <\/div>\n                                <div class=\"content\">\n                                    <div class=\"card-type\">\n                                        <div>Recipe<\/div>\n                                    <\/div>\n                                    <div class=\"card-title\">\n                                        <div><a href=\"https:\/\/olympicdairy.com\/en\/recipes\/almond-banana-vanilla-yogurt-and-passion-fruit-smoothie-bowl\/\" aria-label=\"Almond, banana, vanilla yogurt and passion fruit smoothie bowl\">Almond, banana, vanilla yogurt and passion fruit smoothie bowl<\/a><\/div>\n                                    <\/div>\n                                    <div class=\"info-container\">\n                                        <div class=\"info-item\">\n                                            <div>Prep Time<\/div>\n                                            <div>10 minutes<\/div>\n                                        <\/div>\n                                        <div class=\"info-item\">\n                                            <div>Cook Time<\/div>\n                                            <div>none<\/div>\n                                        <\/div>\n                                        <div class=\"info-item\">\n                                            <div>Serves<\/div>\n                                            <div>1<\/div>\n                                        <\/div>\n                                    <\/div>\n                                    <a class=\"link-right\" href=\"https:\/\/olympicdairy.com\/en\/recipes\/almond-banana-vanilla-yogurt-and-passion-fruit-smoothie-bowl\/\" aria-label=\"Read More\">Read More<\/a>\n                                <\/div>\n                            <\/div>\n\n\n                        \n                                    <\/div>\n\n            <\/div>\n        <\/div>\n    <\/div>\n<\/div>\n<script>\n\n\n<\/script>\n\n\n<p><\/p>\n","protected":false},"excerpt":{"rendered":"<p>Our cows live close to our dairies. You can taste it in their fresh milk. Our products are made with 100% natural source ingredients and are always fresh. It\u2019s&nbsp;that&nbsp;simple.<\/p>\n","protected":false},"author":1,"featured_media":0,"parent":0,"menu_order":1,"comment_status":"closed","ping_status":"closed","template":"","meta":[],"acf":[],"_links":{"self":[{"href":"https:\/\/olympicdairy.com\/en\/wp-json\/wp\/v2\/pages\/51"}],"collection":[{"href":"https:\/\/olympicdairy.com\/en\/wp-json\/wp\/v2\/pages"}],"about":[{"href":"https:\/\/olympicdairy.com\/en\/wp-json\/wp\/v2\/types\/page"}],"author":[{"embeddable":true,"href":"https:\/\/olympicdairy.com\/en\/wp-json\/wp\/v2\/users\/1"}],"replies":[{"embeddable":true,"href":"https:\/\/olympicdairy.com\/en\/wp-json\/wp\/v2\/comments?post=51"}],"version-history":[{"count":35,"href":"https:\/\/olympicdairy.com\/en\/wp-json\/wp\/v2\/pages\/51\/revisions"}],"predecessor-version":[{"id":4987,"href":"https:\/\/olympicdairy.com\/en\/wp-json\/wp\/v2\/pages\/51\/revisions\/4987"}],"wp:attachment":[{"href":"https:\/\/olympicdairy.com\/en\/wp-json\/wp\/v2\/media?parent=51"}],"curies":[{"name":"wp","href":"https:\/\/api.w.org\/{rel}","templated":true}]}}