{"id":195,"date":"2021-06-22T22:15:01","date_gmt":"2021-06-22T22:15:50","guid":{"rendered":"https:\/\/www.olympicdairy.com\/?page_id=195"},"modified":"2025-12-23T10:22:18","modified_gmt":"2025-12-23T15:22:18","slug":"design-components","status":"publish","type":"page","link":"https:\/\/olympicdairy.com\/fr\/","title":{"rendered":"Accueil"},"content":{"rendered":"\n<div class=\"wp-block-columns alignfull are-vertically-aligned-center olympic-page-hero-container alignfull\">\n    <div class=\"wp-block-column is-vertically-aligned-center\">\n        <div class=\"wp-block-cover alignfull\">\n                            <div class=\"overlay\"><\/div>\n                        <img loading=\"lazy\" class=\"wp-block-cover__image-background\" alt=\"Olympic Dairy Cows in fields\" src=\"https:\/\/olympicdairy.com\/wp-content\/uploads\/2021\/11\/Homepage_Hero_1440x810.jpg\" data-object-fit=\"cover\" width=\"1440\" height=\"810\">\n            <div class=\"wp-block-cover__inner-container\">\n                <h1 class=\"has-text-align-center heading-strong\">Ce que la nature a de bon\n<\/h1>\n                <p>Olympic, ce sont de bons produits faits par des gens passionn\u00e9s. Habit\u00e9s par l\u2019esprit de la c\u00f4te ouest, nous n\u2019utilisons que des ingr\u00e9dients de source 100 % naturelle et du bon lait frais canadien qui provient de vaches nourries \u00e0 l\u2019herbe.<\/p>\n            <\/div>\n        <\/div>\n    <\/div>\n<\/div>\n\n\n<div class=\"wp-block-columns alignfull are-vertically-aligned-center olympic-page-image-text-container alignfull\">\n    <div class=\"wp-block-column is-vertically-aligned-center\">\n        <div class=\"wp-block-group__inner-container image-text-container\">\n            <div class=\"wp-block-group row alignwide\">\n                <div class=\"wp-block-columns \">\n                    <div class=\"wp-block-column image\">\n                        <img loading=\"lazy\" \n                             src=\"https:\/\/olympicdairy.com\/wp-content\/uploads\/2024\/08\/product_line_fr-1.png\" alt=\"\" \n                             width=\"1920\" \n                             height=\"1440\">\n                    <\/div>\n                    <div class=\"wp-block-column copy\">\n                        <h2 class=\"has-text-align-left heading-strong\">Des produits faits d\u2019ingr\u00e9dients de source 100 % naturelle et dans l\u2019esprit de la c\u00f4te ouest canadienne<\/h2>\n                        <div class=\"has-text-align-left descriptive\">\n                            <p>Chez Olympic, avec le lait frais de nos vaches, on<br \/>\nfait des produits laitiers de premi\u00e8re qualit\u00e9.<\/p>\n<p>C\u2019est simple, la fra\u00eecheur a toujours meilleur go\u00fbt.<\/p>\n<p><a class=\"cta\" title=\"Participez maintenant\" href=\"https:\/\/www.olympicdairy.com\/fr\/about\/\">D\u00e9couvrir l\u2019esprit Olympic<\/a><\/p>\n<p><img loading=\"lazy\" class=\"alignnone size-full wp-image-1781\" src=\"https:\/\/olympicdairy.com\/wp-content\/uploads\/2021\/11\/Homepage_NaturalProduct2_720x480.jpg\" alt=\"\" width=\"720\" height=\"480\" \/><\/p>\n                        <\/div>\n                    <\/div>\n                <\/div>\n            <\/div>\n        <\/div>\n    <\/div>\n<\/div>\n\n\n<div class=\"wp-block-group alignfull olympic-citation is-style-default has-background\" style=\"background-color:#f2ebe7;padding-top:0rem;padding-right:0rem;padding-bottom:0rem;padding-left:0rem\"><div class=\"wp-block-group__inner-container\">\n<h2 class=\"alignwide has-text-align-center has-text-color\" style=\"color:#215732\"><strong>Nos vaches vivent \u00e0 proximit\u00e9 de nos laiteries. \u00c7a para\u00eet dans leur lait frais. Et \u00e7a fait des produits avec des ingr\u00e9dients de source 100&nbsp;% naturelle qui sont toujours bien frais. Tout&nbsp;simplement.<\/strong><\/h2>\n<\/div><\/div>\n\n\n\n<div class=\"wp-block-columns alignfull are-vertically-aligned-center olympic-page-image-text-container alignfull\">\n    <div class=\"wp-block-column is-vertically-aligned-center\">\n        <div class=\"wp-block-group__inner-container image-text-container\">\n            <div class=\"wp-block-group row alignwide\">\n                <div class=\"wp-block-columns reverse\">\n                    <div class=\"wp-block-column image\">\n                        <img loading=\"lazy\" \n                             src=\"https:\/\/olympicdairy.com\/wp-content\/uploads\/2021\/11\/Homepage_GoodFarming1_720x480.jpg\" alt=\"Good Farming cows in field\" \n                             width=\"720\" \n                             height=\"480\">\n                    <\/div>\n                    <div class=\"wp-block-column copy\">\n                        <h2 class=\"has-text-align-left heading-strong\">Ce que l&rsquo;agriculture biologique a de bon<\/h2>\n                        <div class=\"has-text-align-left descriptive\">\n                            <p>L\u2019agriculture biologique chez Olympic, ce n\u2019est pas une mode. C\u2019est un mode de vie. Et c\u2019est bon pour tout le monde : les gens, mais aussi nos vaches.<\/p>\n<p><a class=\"cta\" title=\"D\u00e9couvrir les bienfaits de choisir le biologique\" href=\"\/fr\/why-organic\/\">D\u00e9couvrir les bienfaits de choisir le biologique<\/a><\/p>\n<p><img loading=\"lazy\" class=\"alignnone size-full wp-image-1782\" src=\"https:\/\/www.olympicdairy.com\/wp-content\/uploads\/2021\/11\/Homepage_GoodFarming2_720x480.jpg\" alt=\"Happy cow\" width=\"720\" height=\"480\" \/><\/p>\n                        <\/div>\n                    <\/div>\n                <\/div>\n            <\/div>\n        <\/div>\n    <\/div>\n<\/div>\n\n\n<div class=\"wp-block-columns alignfull are-vertically-aligned-center olympic-page-product-highlight-container  reverse\">\n    <div class=\"wp-block-column is-vertically-aligned-center\">\n        <div class=\"alignfull\">\n            <div class=\"inner-container\">\n                <div class=\"p-family\">\n                    <div class=\"p-title\">\n                        <h3>D\u00e9couvrez nos gammes de d\u00e9licieux produits <\/h3>\n                        <div class=\"owl-nav\">\n                            <button type=\"button\" role=\"button\" class=\"owl-prev disabled\">\n                                <span aria-label=\"Previous\"><\/span>\n                            <\/button>\n                            <button type=\"button\" role=\"button\" class=\"owl-next\">\n                                <span aria-label=\"Next\"><\/span>\n                            <\/button>\n                        <\/div>\n                    <\/div>\n                    <div class=\"p-products\">\n                                                    <div class=\"p-product\">\n                                <img loading=\"lazy\" class=\"product-image\" alt=\"\" src=\"https:\/\/olympicdairy.com\/wp-content\/uploads\/2024\/08\/krema_fr.png\" width=\"1000\" height=\"750\" \/>\n                                <div class=\"title\"> Krema <\/div>\n                                <div class=\"txt\">Notre gamme Krema est un pur plaisir. Profitez de nos produits faits avec de la cr\u00e8me et du lait frais. C\u2019est encore mieux quand c\u2019est Krema!<\/div>\n                                <a href=\"https:\/\/kremadairy.com\/?lang=fr\" class=\"btn\">Voir les produits Krema<\/a>\n                            <\/div>\n                                                    <div class=\"p-product\">\n                                <img loading=\"lazy\" class=\"product-image\" alt=\"\" src=\"https:\/\/olympicdairy.com\/wp-content\/uploads\/2024\/08\/blueberry_fr-1.png\" width=\"1000\" height=\"750\" \/>\n                                <div class=\"title\">Biologique<\/div>\n                                <div class=\"txt\">D\u00e9couvrez les produits de notre gamme Biologique faits avec du lait frais biologique de nos vaches nourries \u00e0 l\u2019herbe &#8211; naturellement! Le yogourt biologique, c\u2019est meilleur pour tout le monde : les gens, mais aussi nos vaches.<\/div>\n                                <a href=\"https:\/\/www.olympicdairy.com\/fr\/produits\/biologique\/\" class=\"btn\">Voir les produits Biologique<\/a>\n                            <\/div>\n                                                    <div class=\"p-product\">\n                                <img loading=\"lazy\" class=\"product-image\" alt=\"\" src=\"https:\/\/olympicdairy.com\/wp-content\/uploads\/2024\/08\/greek2_fr-1.png\" width=\"1000\" height=\"750\" \/>\n                                <div class=\"title\">Grec<\/div>\n                                <div class=\"txt\">Notre yogourt Grec a tout ce qu\u2019il faut pour vous contenter. Avec sa texture cr\u00e9meuse et onctueuse, son go\u00fbt velout\u00e9 et sa teneur \u00e9lev\u00e9 en prot\u00e9ines, vous ne pourrez plus y r\u00e9sister. <\/div>\n                                <a href=\"https:\/\/www.olympicdairy.com\/fr\/produits\/grec\/\" class=\"btn\">Voir les produits Grek<\/a>\n                            <\/div>\n                                            <\/div>\n                <\/div>\n            <\/div>\n        <\/div>\n    <\/div>\n<\/div>\n\n\n<div class=\"wp-block-columns alignfull are-vertically-aligned-center olympic-page-magazine-cards-container\">\n    <div class=\"wp-block-column is-vertically-aligned-center\">\n        <div class=\"alignfull\">\n            <div class=\"inner-container\">\n\n                <h2>Du contenu tout frais pour vous<\/h2>\n                <div class=\"articles\">\n                    \n\n                            <div class=\"olympic-recipe-callout\">\n                                <div class=\"image-container\">\n                                    <a href=\"https:\/\/olympicdairy.com\/fr\/recette\/bol-de-smoothie-amande-banane-yogourt-vanille-et-fruit-de-la-passion\/\" aria-label=\"Bol de smoothie amande, banane, yogourt vanille et fruit de la passion\">\n                                        <img loading=\"lazy\" src=\"https:\/\/olympicdairy.com\/wp-content\/uploads\/2021\/11\/almond-banana-thumb-1.jpg\" width=\"330\" height=\"400\" alt=\"Almond, banana, vanilla yogurt and passion fruit smoothie bowl\" \/>\n                                    <\/a>\n                                <\/div>\n                                <div class=\"content\">\n                                    <div class=\"card-type\">\n                                        <div>Recette<\/div>\n                                    <\/div>\n                                    <div class=\"card-title\">\n                                        <div><a href=\"https:\/\/olympicdairy.com\/fr\/recette\/bol-de-smoothie-amande-banane-yogourt-vanille-et-fruit-de-la-passion\/\" aria-label=\"Bol de smoothie amande, banane, yogourt vanille et fruit de la passion\">Bol de smoothie amande, banane, yogourt vanille et fruit de la passion<\/a><\/div>\n                                    <\/div>\n                                    <div class=\"info-container\">\n                                        <div class=\"info-item\">\n                                            <div>Temps de pr\u00e9paration<\/div>\n                                            <div>10 minutes<\/div>\n                                        <\/div>\n                                        <div class=\"info-item\">\n                                            <div>Temps de cuisson<\/div>\n                                            <div>Aucune<\/div>\n                                        <\/div>\n                                        <div class=\"info-item\">\n                                            <div>Portions<\/div>\n                                            <div>1<\/div>\n                                        <\/div>\n                                    <\/div>\n                                    <a class=\"link-right\" href=\"https:\/\/olympicdairy.com\/fr\/recette\/bol-de-smoothie-amande-banane-yogourt-vanille-et-fruit-de-la-passion\/\" aria-label=\"En savoir plus\">En savoir plus<\/a>\n                                <\/div>\n                            <\/div>\n\n\n                        \n                    \n\n                            <div class=\"olympic-recipe-callout\">\n                                <div class=\"image-container\">\n                                    <a href=\"https:\/\/olympicdairy.com\/fr\/recette\/creme-brulee-au-yogourt\/\" aria-label=\"Cr\u00e8me br\u00fbl\u00e9e au yogourt\">\n                                        <img loading=\"lazy\" src=\"https:\/\/olympicdairy.com\/wp-content\/uploads\/2021\/11\/yogurt-creme-brulee-thumb-2.jpg\" width=\"330\" height=\"400\" alt=\"\" \/>\n                                    <\/a>\n                                <\/div>\n                                <div class=\"content\">\n                                    <div class=\"card-type\">\n                                        <div>Recette<\/div>\n                                    <\/div>\n                                    <div class=\"card-title\">\n                                        <div><a href=\"https:\/\/olympicdairy.com\/fr\/recette\/creme-brulee-au-yogourt\/\" aria-label=\"Cr\u00e8me br\u00fbl\u00e9e au yogourt\">Cr\u00e8me br\u00fbl\u00e9e au yogourt<\/a><\/div>\n                                    <\/div>\n                                    <div class=\"info-container\">\n                                        <div class=\"info-item\">\n                                            <div>Temps de pr\u00e9paration<\/div>\n                                            <div>15 minutes<\/div>\n                                        <\/div>\n                                        <div class=\"info-item\">\n                                            <div>Temps de cuisson<\/div>\n                                            <div>10 minutes<\/div>\n                                        <\/div>\n                                        <div class=\"info-item\">\n                                            <div>Portions<\/div>\n                                            <div>4<\/div>\n                                        <\/div>\n                                    <\/div>\n                                    <a class=\"link-right\" href=\"https:\/\/olympicdairy.com\/fr\/recette\/creme-brulee-au-yogourt\/\" aria-label=\"En savoir plus\">En savoir plus<\/a>\n                                <\/div>\n                            <\/div>\n\n\n                        \n                                    <\/div>\n\n            <\/div>\n        <\/div>\n    <\/div>\n<\/div>\n<script>\n\n\n<\/script>","protected":false},"excerpt":{"rendered":"<p>Nos vaches vivent \u00e0 proximit\u00e9 de nos laiteries. \u00c7a para\u00eet dans leur lait frais. Et \u00e7a fait des produits avec des ingr\u00e9dients de source 100&nbsp;% naturelle qui sont toujours bien frais. Tout&nbsp;simplement.<\/p>\n","protected":false},"author":1,"featured_media":0,"parent":0,"menu_order":1,"comment_status":"closed","ping_status":"closed","template":"","meta":[],"acf":[],"_links":{"self":[{"href":"https:\/\/olympicdairy.com\/fr\/wp-json\/wp\/v2\/pages\/195"}],"collection":[{"href":"https:\/\/olympicdairy.com\/fr\/wp-json\/wp\/v2\/pages"}],"about":[{"href":"https:\/\/olympicdairy.com\/fr\/wp-json\/wp\/v2\/types\/page"}],"author":[{"embeddable":true,"href":"https:\/\/olympicdairy.com\/fr\/wp-json\/wp\/v2\/users\/1"}],"replies":[{"embeddable":true,"href":"https:\/\/olympicdairy.com\/fr\/wp-json\/wp\/v2\/comments?post=195"}],"version-history":[{"count":27,"href":"https:\/\/olympicdairy.com\/fr\/wp-json\/wp\/v2\/pages\/195\/revisions"}],"predecessor-version":[{"id":4990,"href":"https:\/\/olympicdairy.com\/fr\/wp-json\/wp\/v2\/pages\/195\/revisions\/4990"}],"wp:attachment":[{"href":"https:\/\/olympicdairy.com\/fr\/wp-json\/wp\/v2\/media?parent=195"}],"curies":[{"name":"wp","href":"https:\/\/api.w.org\/{rel}","templated":true}]}}