{"id":248,"date":"2021-08-26T07:36:21","date_gmt":"2021-08-26T11:36:21","guid":{"rendered":"https:\/\/www.olympicdairy.com\/?page_id=248"},"modified":"2025-12-23T11:06:16","modified_gmt":"2025-12-23T16:06:16","slug":"biologique","status":"publish","type":"page","link":"https:\/\/olympicdairy.com\/fr\/produits\/biologique\/","title":{"rendered":"Biologique"},"content":{"rendered":"\n<div class=\"wp-block-columns alignfull are-vertically-aligned-center olympic-page-hero-container alignfull\">\n    <div class=\"wp-block-column is-vertically-aligned-center\">\n        <div class=\"wp-block-cover alignfull\">\n                            <div class=\"overlay\"><\/div>\n                        <img loading=\"lazy\" class=\"wp-block-cover__image-background\" alt=\"\" src=\"https:\/\/olympicdairy.com\/wp-content\/uploads\/2024\/08\/organicbgfr.jpg\" data-object-fit=\"cover\" width=\"1920\" height=\"1280\">\n            <div class=\"wp-block-cover__inner-container\">\n                <h1 class=\"has-text-align-center heading-strong\"><strong>Biologique<\/strong>\n<\/h1>\n                <p>Tous les produits de notre gamme Biologique sont faits avec du lait frais biologique et des ingr\u00e9dients de source 100 % naturelle! Comme nos vaches nourries \u00e0 l\u2019herbe habitent tout pr\u00e8s de nos laiteries, on peut utiliser leur lait et le transformer en produits laitiers frais. Le bon go\u00fbt frais du lait Canadian provenant de vaches nourries \u00e0 l\u2019herbe est si bon quand il est biologique.<\/p>\n            <\/div>\n        <\/div>\n    <\/div>\n<\/div>\n\n\n<div class=\"wp-block-columns alignfull are-vertically-aligned-center olympic-page-product-family-container\">\n    <div class=\"wp-block-column is-vertically-aligned-center\">\n        <div class=\"alignfull\">\n            <div class=\"inner-container  border-bottom\">\n                <div class=\"products\">\n                                            <div class=\"product product-intro\">\n                            <h2>Yogourt<\/h2>\n<p>Notre yogourt biologique est fait avec du bon lait frais biologique qui est transform\u00e9 en d\u00e9licieux yogourt. Les fruits frais, les probiotiques* et tous nos autres ingr\u00e9dients sont de source 100 % naturelle. Bref, aucun r\u00e9sidu de pesticides synth\u00e9tiques, aucun OGM, aucun agent de conservation. C\u2019est toujours un bon choix.<\/p>\n                        <\/div>\n                    \n                                            <div class=\"product\">\n                            <a href=\"https:\/\/olympicdairy.com\/fr\/produit\/yogourt-biologique-nature-2\/\" class=\"olympic-card-product\">\n                                <div class=\"image-container\">\n                                    <img loading=\"lazy\" src=\"https:\/\/olympicdairy.com\/wp-content\/uploads\/2021\/12\/fr__0007_2045820-5244-Organic-650g-2-plain-_FR.png\" width=\"500\" height=\"500\" alt=\"\" \/>\n                                <\/div>\n                                <div class=\"content\">\n                                    <span class=\"card-title\">Yogourt Biologique nature<\/span>\n                                    <span class=\"card-info\">M.G. 2&nbsp;%<\/span>\n                                <\/div>\n                            <\/a>\n                        <\/div>\n                                            <div class=\"product\">\n                            <a href=\"https:\/\/olympicdairy.com\/fr\/produit\/yogourt-biologique-nature-35\/\" class=\"olympic-card-product\">\n                                <div class=\"image-container\">\n                                    <img loading=\"lazy\" src=\"https:\/\/olympicdairy.com\/wp-content\/uploads\/2021\/12\/fr__0006_2045821-5244-Organic-650g-35-plain-_FR.png\" width=\"500\" height=\"500\" alt=\"\" \/>\n                                <\/div>\n                                <div class=\"content\">\n                                    <span class=\"card-title\">Yogourt Biologique nature<\/span>\n                                    <span class=\"card-info\">M.G. 3,5&nbsp;%<\/span>\n                                <\/div>\n                            <\/a>\n                        <\/div>\n                                            <div class=\"product\">\n                            <a href=\"https:\/\/olympicdairy.com\/fr\/produit\/yogourt-biologique-nature-sans-gras\/\" class=\"olympic-card-product\">\n                                <div class=\"image-container\">\n                                    <img loading=\"lazy\" src=\"https:\/\/olympicdairy.com\/wp-content\/uploads\/2021\/12\/fr__0009_2045819-5244-Organic-650g-0-plain-_FR.png\" width=\"500\" height=\"500\" alt=\"\" \/>\n                                <\/div>\n                                <div class=\"content\">\n                                    <span class=\"card-title\">Yogourt Biologique nature sans gras<\/span>\n                                    <span class=\"card-info\">M.G. 0&nbsp;%<\/span>\n                                <\/div>\n                            <\/a>\n                        <\/div>\n                                            <div class=\"product\">\n                            <a href=\"https:\/\/olympicdairy.com\/fr\/produit\/yogourt-biologique-a-la-vanille-sans-gras\/\" class=\"olympic-card-product\">\n                                <div class=\"image-container\">\n                                    <img loading=\"lazy\" src=\"https:\/\/olympicdairy.com\/wp-content\/uploads\/2021\/12\/fr__0005_2045822-5244-Organic-650g-0-vanilla_FR.png\" width=\"500\" height=\"500\" alt=\"\" \/>\n                                <\/div>\n                                <div class=\"content\">\n                                    <span class=\"card-title\">Yogourt Biologique \u00e0 la vanille sans gras<\/span>\n                                    <span class=\"card-info\">M.G. 0&nbsp;%<\/span>\n                                <\/div>\n                            <\/a>\n                        <\/div>\n                                            <div class=\"product\">\n                            <a href=\"https:\/\/olympicdairy.com\/fr\/produit\/yogourt-biologique-a-la-vanille-3\/\" class=\"olympic-card-product\">\n                                <div class=\"image-container\">\n                                    <img loading=\"lazy\" src=\"https:\/\/olympicdairy.com\/wp-content\/uploads\/2021\/12\/fr__0010_2045828-5244-Organic-650g-3-vanilla_FR.png\" width=\"500\" height=\"500\" alt=\"\" \/>\n                                <\/div>\n                                <div class=\"content\">\n                                    <span class=\"card-title\">Yogourt Biologique \u00e0 la vanille 3&nbsp;%<\/span>\n                                    <span class=\"card-info\">M.G. 3&nbsp;%<\/span>\n                                <\/div>\n                            <\/a>\n                        <\/div>\n                                            <div class=\"product\">\n                            <a href=\"https:\/\/olympicdairy.com\/fr\/produit\/organic-mango-yogurt\/\" class=\"olympic-card-product\">\n                                <div class=\"image-container\">\n                                    <img loading=\"lazy\" src=\"https:\/\/olympicdairy.com\/wp-content\/uploads\/2021\/12\/fr__0000_2045824-5244-Organic-650g-3-mango-_FR.png\" width=\"500\" height=\"500\" alt=\"\" \/>\n                                <\/div>\n                                <div class=\"content\">\n                                    <span class=\"card-title\">Yogourt Biologique \u00e0 la mangue<\/span>\n                                    <span class=\"card-info\">M.G. 3&nbsp;%<\/span>\n                                <\/div>\n                            <\/a>\n                        <\/div>\n                                            <div class=\"product\">\n                            <a href=\"https:\/\/olympicdairy.com\/fr\/produit\/yogourt-biologique-au-bleuet\/\" class=\"olympic-card-product\">\n                                <div class=\"image-container\">\n                                    <img loading=\"lazy\" src=\"https:\/\/olympicdairy.com\/wp-content\/uploads\/2021\/12\/fr__0002_2045823-5244-Organic-650g-3-blueberry-_FR.png\" width=\"500\" height=\"500\" alt=\"\" \/>\n                                <\/div>\n                                <div class=\"content\">\n                                    <span class=\"card-title\">Yogourt Biologique au bleuet<\/span>\n                                    <span class=\"card-info\">M.G. 3&nbsp;%<\/span>\n                                <\/div>\n                            <\/a>\n                        <\/div>\n                                            <div class=\"product\">\n                            <a href=\"https:\/\/olympicdairy.com\/fr\/produit\/yogourt-biologique-a-la-framboise\/\" class=\"olympic-card-product\">\n                                <div class=\"image-container\">\n                                    <img loading=\"lazy\" src=\"https:\/\/olympicdairy.com\/wp-content\/uploads\/2021\/12\/fr__0003_2045826-5244-Organic-650g-3-raspberry-_FR.png\" width=\"500\" height=\"500\" alt=\"\" \/>\n                                <\/div>\n                                <div class=\"content\">\n                                    <span class=\"card-title\">Yogourt Biologique \u00e0 la framboise<\/span>\n                                    <span class=\"card-info\">M.G. 3&nbsp;%<\/span>\n                                <\/div>\n                            <\/a>\n                        <\/div>\n                                            <div class=\"product\">\n                            <a href=\"https:\/\/olympicdairy.com\/fr\/produit\/yogourt-biologique-a-la-fraise\/\" class=\"olympic-card-product\">\n                                <div class=\"image-container\">\n                                    <img loading=\"lazy\" src=\"https:\/\/olympicdairy.com\/wp-content\/uploads\/2021\/12\/fr__0004_2045827-5244-Organic-650g-3-strawberry-_FR.png\" width=\"500\" height=\"500\" alt=\"\" \/>\n                                <\/div>\n                                <div class=\"content\">\n                                    <span class=\"card-title\">Yogourt Biologique \u00e0 la fraise<\/span>\n                                    <span class=\"card-info\">M.G. 3&nbsp;%<\/span>\n                                <\/div>\n                            <\/a>\n                        <\/div>\n                                            <div class=\"product\">\n                            <a href=\"https:\/\/olympicdairy.com\/fr\/produit\/yogourt-biologique-a-la-peche\/\" class=\"olympic-card-product\">\n                                <div class=\"image-container\">\n                                    <img loading=\"lazy\" src=\"https:\/\/olympicdairy.com\/wp-content\/uploads\/2021\/12\/fr__0001_2045825-5244-Organic-650g-3-peach-_FR.png\" width=\"500\" height=\"500\" alt=\"\" \/>\n                                <\/div>\n                                <div class=\"content\">\n                                    <span class=\"card-title\">Yogourt Biologique \u00e0 la peche<\/span>\n                                    <span class=\"card-info\">M.G. 3&nbsp;%<\/span>\n                                <\/div>\n                            <\/a>\n                        <\/div>\n                                            <div class=\"product\">\n                            <a href=\"https:\/\/olympicdairy.com\/fr\/produit\/yogourt-biologique-grec-nature-0\/\" class=\"olympic-card-product\">\n                                <div class=\"image-container\">\n                                    <img loading=\"lazy\" src=\"https:\/\/olympicdairy.com\/wp-content\/uploads\/2026\/02\/fr_5402-Olympic-Greek-bio-650g-tub-plain-_0.png\" width=\"500\" height=\"500\" alt=\"\" \/>\n                                <\/div>\n                                <div class=\"content\">\n                                    <span class=\"card-title\">Yogourt Biologique Grec nature<\/span>\n                                    <span class=\"card-info\">M.G. 0&nbsp;%<\/span>\n                                <\/div>\n                            <\/a>\n                        <\/div>\n                                            <div class=\"product\">\n                            <a href=\"https:\/\/olympicdairy.com\/fr\/produit\/yogourt-biologique-grec-nature\/\" class=\"olympic-card-product\">\n                                <div class=\"image-container\">\n                                    <img loading=\"lazy\" src=\"https:\/\/olympicdairy.com\/wp-content\/uploads\/2021\/12\/fr__0011_2045830-5244-Organic-Greek-650g-4-plain-FR-3D-HR.png\" width=\"500\" height=\"500\" alt=\"\" \/>\n                                <\/div>\n                                <div class=\"content\">\n                                    <span class=\"card-title\">Yogourt Biologique Grec nature<\/span>\n                                    <span class=\"card-info\">M.G. 4&nbsp;%<\/span>\n                                <\/div>\n                            <\/a>\n                        <\/div>\n                                            <div class=\"product\">\n                            <a href=\"https:\/\/olympicdairy.com\/fr\/produit\/yogourt-biologique-grec-a-la-vanille\/\" class=\"olympic-card-product\">\n                                <div class=\"image-container\">\n                                    <img loading=\"lazy\" src=\"https:\/\/olympicdairy.com\/wp-content\/uploads\/2021\/12\/fr__0008_2045831-5244-Organic-Greek-650g-35-vanilla-_FR.png\" width=\"500\" height=\"500\" alt=\"\" \/>\n                                <\/div>\n                                <div class=\"content\">\n                                    <span class=\"card-title\">Yogourt Biologique Grec \u00e0 la vanille<\/span>\n                                    <span class=\"card-info\">M.G. 3,5&nbsp;%<\/span>\n                                <\/div>\n                            <\/a>\n                        <\/div>\n                    \n                <\/div>\n            <\/div>\n        <\/div>\n    <\/div>\n<\/div>\n<script>\n\n\n<\/script>\n\n<p><!-- Kids Here --><\/p>\n\n\n\n\n<div class=\"wp-block-columns alignfull are-vertically-aligned-center olympic-page-product-family-container\">\n    <div class=\"wp-block-column is-vertically-aligned-center\">\n        <div class=\"alignfull\">\n            <div class=\"inner-container  border-bottom\">\n                <div class=\"products\">\n                                            <div class=\"product product-intro\">\n                            <h2>K\u00e9fir probiotique<\/h2>\n<p>Notre lait Biologique est fait avec du bon lait biologique frais et des ingr\u00e9dients naturels. Le lait Biologique, c\u2019est bon pour tout le monde : les gens, mais aussi nos vaches.<\/p>\n                        <\/div>\n                    \n                                            <div class=\"product\">\n                            <a href=\"https:\/\/olympicdairy.com\/fr\/produit\/kefir-probiotique-biologique-nature\/\" class=\"olympic-card-product\">\n                                <div class=\"image-container\">\n                                    <img loading=\"lazy\" src=\"https:\/\/olympicdairy.com\/wp-content\/uploads\/2021\/12\/kefirplainthumb.png\" width=\"500\" height=\"500\" alt=\"\" \/>\n                                <\/div>\n                                <div class=\"content\">\n                                    <span class=\"card-title\">K\u00e9fir probiotique Biologique nature<\/span>\n                                    <span class=\"card-info\">M.G. 1&nbsp;%<\/span>\n                                <\/div>\n                            <\/a>\n                        <\/div>\n                                            <div class=\"product\">\n                            <a href=\"https:\/\/olympicdairy.com\/fr\/produit\/kefir-probiotique-biologique-a-la-fraise\/\" class=\"olympic-card-product\">\n                                <div class=\"image-container\">\n                                    <img loading=\"lazy\" src=\"https:\/\/olympicdairy.com\/wp-content\/uploads\/2026\/02\/strawkeffirthumb.png\" width=\"500\" height=\"500\" alt=\"\" \/>\n                                <\/div>\n                                <div class=\"content\">\n                                    <span class=\"card-title\">K\u00e9fir probiotique Biologique \u00e0 la fraise<\/span>\n                                    <span class=\"card-info\">M.G. 1&nbsp;%<\/span>\n                                <\/div>\n                            <\/a>\n                        <\/div>\n                    \n                <\/div>\n            <\/div>\n        <\/div>\n    <\/div>\n<\/div>\n<script>\n\n\n<\/script>\n\n\n<div class=\"wp-block-columns alignfull are-vertically-aligned-center olympic-page-product-family-container\">\n    <div class=\"wp-block-column is-vertically-aligned-center\">\n        <div class=\"alignfull\">\n            <div class=\"inner-container  border-bottom\">\n                <div class=\"products\">\n                                            <div class=\"product product-intro\">\n                            <h2>Lait Biologique<\/h2>\n<p>Notre lait Biologique est fait avec du bon lait biologique frais et des Notre lait Biologique est fait avec du bon lait biologique frais et des ingr\u00e9dients naturels. Le lait Biologique, c\u2019est bon pour tout le monde : les gens, mais aussi nos vaches.<\/p>\n                        <\/div>\n                    \n                                            <div class=\"product\">\n                            <a href=\"https:\/\/olympicdairy.com\/fr\/produit\/organic-milk-1\/\" class=\"olympic-card-product\">\n                                <div class=\"image-container\">\n                                    <img loading=\"lazy\" src=\"https:\/\/olympicdairy.com\/wp-content\/uploads\/2023\/02\/1.png\" width=\"500\" height=\"500\" alt=\"Olympic Organic Milk 1%\" \/>\n                                <\/div>\n                                <div class=\"content\">\n                                    <span class=\"card-title\">Lait Biologique 1 %<\/span>\n                                    <span class=\"card-info\">M.G. 1&nbsp;%<\/span>\n                                <\/div>\n                            <\/a>\n                        <\/div>\n                                            <div class=\"product\">\n                            <a href=\"https:\/\/olympicdairy.com\/fr\/produit\/organic-milk-2\/\" class=\"olympic-card-product\">\n                                <div class=\"image-container\">\n                                    <img loading=\"lazy\" src=\"https:\/\/olympicdairy.com\/wp-content\/uploads\/2023\/02\/2.png\" width=\"500\" height=\"500\" alt=\"Organic Milk 2%\" \/>\n                                <\/div>\n                                <div class=\"content\">\n                                    <span class=\"card-title\">Lait Biologique 2%<\/span>\n                                    <span class=\"card-info\">M.G. 2&nbsp;%<\/span>\n                                <\/div>\n                            <\/a>\n                        <\/div>\n                                            <div class=\"product\">\n                            <a href=\"https:\/\/olympicdairy.com\/fr\/produit\/lait-biologique-3-25\/\" class=\"olympic-card-product\">\n                                <div class=\"image-container\">\n                                    <img loading=\"lazy\" src=\"https:\/\/olympicdairy.com\/wp-content\/uploads\/2023\/02\/325.png\" width=\"500\" height=\"500\" alt=\"Organic Milk 3.5%\" \/>\n                                <\/div>\n                                <div class=\"content\">\n                                    <span class=\"card-title\">Lait Biologique 3.25%<\/span>\n                                    <span class=\"card-info\">M.G. 3.25&nbsp;%<\/span>\n                                <\/div>\n                            <\/a>\n                        <\/div>\n                    \n                <\/div>\n            <\/div>\n        <\/div>\n    <\/div>\n<\/div>\n<script>\n\n\n<\/script>\n\n\n<div class=\"wp-block-columns alignfull are-vertically-aligned-center olympic-page-product-family-container\">\n    <div class=\"wp-block-column is-vertically-aligned-center\">\n        <div class=\"alignfull\">\n            <div class=\"inner-container  \">\n                <div class=\"products\">\n                                            <div class=\"product product-intro\">\n                            <h2>Cr\u00e8me sure<\/h2>\n<p>Notre cr\u00e8me sure biologique est un d\u00e9lice fait avec du bon lait frais biologique, beaucoup de cr\u00e8me biologique et des ingr\u00e9dients de source 100% naturelle. Vous pouvez en \u00eatre s\u00fbr!<\/p>\n                        <\/div>\n                    \n                                            <div class=\"product\">\n                            <a href=\"https:\/\/olympicdairy.com\/fr\/produit\/organic-sour-cream\/\" class=\"olympic-card-product\">\n                                <div class=\"image-container\">\n                                    <img loading=\"lazy\" src=\"https:\/\/olympicdairy.com\/wp-content\/uploads\/2021\/12\/sourcreamfr.png\" width=\"500\" height=\"500\" alt=\"\" \/>\n                                <\/div>\n                                <div class=\"content\">\n                                    <span class=\"card-title\">Cr\u00e8me sure Biologique<\/span>\n                                    <span class=\"card-info\">M.G. 14&nbsp;%<\/span>\n                                <\/div>\n                            <\/a>\n                        <\/div>\n                    \n                <\/div>\n            <\/div>\n        <\/div>\n    <\/div>\n<\/div>\n<script>\n\n\n<\/script>\n\n\n<div class=\"wp-block-columns alignfull are-vertically-aligned-center olympic-page-product-highlight-container  reverse\">\n    <div class=\"wp-block-column is-vertically-aligned-center\">\n        <div class=\"alignfull\">\n            <div class=\"inner-container\">\n                <div class=\"p-family\">\n                    <div class=\"p-title\">\n                        <h3>D\u00e9couvrez nos gammes de d\u00e9licieux produits <\/h3>\n                        <div class=\"owl-nav\">\n                            <button type=\"button\" role=\"button\" class=\"owl-prev disabled\">\n                                <span aria-label=\"Previous\"><\/span>\n                            <\/button>\n                            <button type=\"button\" role=\"button\" class=\"owl-next\">\n                                <span aria-label=\"Next\"><\/span>\n                            <\/button>\n                        <\/div>\n                    <\/div>\n                    <div class=\"p-products\">\n                                                    <div class=\"p-product\">\n                                <img loading=\"lazy\" class=\"product-image\" alt=\"\" src=\"https:\/\/olympicdairy.com\/wp-content\/uploads\/2024\/08\/krema_fr.png\" width=\"1000\" height=\"750\" \/>\n                                <div class=\"title\"> Krema <\/div>\n                                <div class=\"txt\">Notre gamme Krema est un pur plaisir. Profitez de nos produits faits avec de la cr\u00e8me et du lait frais. C\u2019est encore mieux quand c\u2019est Krema!<\/div>\n                                <a href=\"https:\/\/www.olympicdairy.com\/fr\/produits\/krema\/\" class=\"btn\">Voir les produits Krema<\/a>\n                            <\/div>\n                                                    <div class=\"p-product\">\n                                <img loading=\"lazy\" class=\"product-image\" alt=\"\" src=\"https:\/\/olympicdairy.com\/wp-content\/uploads\/2024\/08\/greek2_fr-1.png\" width=\"1000\" height=\"750\" \/>\n                                <div class=\"title\">Grec<\/div>\n                                <div class=\"txt\">Notre yogourt Grec a tout ce qu\u2019il faut pour vous contenter. Avec sa texture cr\u00e9meuse et onctueuse, son go\u00fbt velout\u00e9 et sa teneur \u00e9lev\u00e9 en prot\u00e9ines, vous ne pourrez plus y r\u00e9sister. <\/div>\n                                <a href=\"https:\/\/www.olympicdairy.com\/fr\/produits\/grec\/\" class=\"btn\">Voir les produits Grek<\/a>\n                            <\/div>\n                                            <\/div>\n                <\/div>\n            <\/div>\n        <\/div>\n    <\/div>\n<\/div>\n\n<div class=\"wp-block-group alignfull olympic-legal-container\">\n    <div class=\"wp-block-group__inner-container alignwide has-text-align-left\">\n        <div class=\"alignfull\">\n            <div class=\"inner-container\">\n                <div class=\"legal\">\n                    <p><sup>\u019a<\/sup>Chez Olympic, des ingr\u00e9dients \u00ab&nbsp;propres&nbsp;\u00bb c\u2019est sans pesticides synth\u00e9tiques, sans agent de conservation et sans OGM<sup>\u019a\u019a<\/sup>.<\/p>\n<p><sup>\u019a\u019a<\/sup>Selon la r\u00e9glementation actuellement en vigueur au Canada, l\u2019Agence canadienne d\u2019inspection des aliments (ACIA) assure une surveillance des r\u00e9sidus de pesticides pour la contamination potentielle des aliments. Naturellement sans OGM.<\/p>\n<p>*Plus de 1 milliard de probiotiques par 100g contribuant \u00e0 la sant\u00e9 de la flore intestinale. (LACTOBACILLUS ACIDOPHILUS, B. LACTIS ET LACTOBACILLUS PARACASEI)<\/p>\n<p>**Plus de 2 milliard de probiotiques par 250 ml contribuant \u00e0 la sant\u00e9 de la flore intestinale. (B. LACTIS, LACTOBACILLUS ACIDOPHILUS, LACTOBACILLUS JOHNSONIL ET LACTOBACILLUS RHAMNOSUS)<\/p>\n                <\/div>\n            <\/div>\n        <\/div>\n    <\/div>\n<\/div>","protected":false},"excerpt":{"rendered":"","protected":false},"author":1,"featured_media":0,"parent":242,"menu_order":1,"comment_status":"closed","ping_status":"closed","template":"","meta":[],"acf":[],"_links":{"self":[{"href":"https:\/\/olympicdairy.com\/fr\/wp-json\/wp\/v2\/pages\/248"}],"collection":[{"href":"https:\/\/olympicdairy.com\/fr\/wp-json\/wp\/v2\/pages"}],"about":[{"href":"https:\/\/olympicdairy.com\/fr\/wp-json\/wp\/v2\/types\/page"}],"author":[{"embeddable":true,"href":"https:\/\/olympicdairy.com\/fr\/wp-json\/wp\/v2\/users\/1"}],"replies":[{"embeddable":true,"href":"https:\/\/olympicdairy.com\/fr\/wp-json\/wp\/v2\/comments?post=248"}],"version-history":[{"count":45,"href":"https:\/\/olympicdairy.com\/fr\/wp-json\/wp\/v2\/pages\/248\/revisions"}],"predecessor-version":[{"id":5032,"href":"https:\/\/olympicdairy.com\/fr\/wp-json\/wp\/v2\/pages\/248\/revisions\/5032"}],"up":[{"embeddable":true,"href":"https:\/\/olympicdairy.com\/fr\/wp-json\/wp\/v2\/pages\/242"}],"wp:attachment":[{"href":"https:\/\/olympicdairy.com\/fr\/wp-json\/wp\/v2\/media?parent=248"}],"curies":[{"name":"wp","href":"https:\/\/api.w.org\/{rel}","templated":true}]}}