{"id":250,"date":"2021-08-26T07:37:01","date_gmt":"2021-08-26T11:37:01","guid":{"rendered":"https:\/\/www.olympicdairy.com\/?page_id=250"},"modified":"2024-09-23T10:55:40","modified_gmt":"2024-09-23T14:55:40","slug":"grec","status":"publish","type":"page","link":"https:\/\/olympicdairy.com\/fr\/produits\/grec\/","title":{"rendered":"Grec"},"content":{"rendered":"\n<div class=\"wp-block-columns alignfull are-vertically-aligned-center olympic-page-hero-container alignfull\">\n    <div class=\"wp-block-column is-vertically-aligned-center\">\n        <div class=\"wp-block-cover alignfull\">\n                            <div class=\"overlay\"><\/div>\n                        <img loading=\"lazy\" class=\"wp-block-cover__image-background\" alt=\"\" src=\"https:\/\/olympicdairy.com\/wp-content\/uploads\/2024\/08\/greek2_fr.png\" data-object-fit=\"cover\" width=\"1000\" height=\"750\">\n            <div class=\"wp-block-cover__inner-container\">\n                <h1 class=\"has-text-align-center heading-strong\"><strong>Grec<\/strong>\n<\/h1>\n                <p>Produit \u00e0 Delta, en Colombie-Britannique, notre yogourt grec riche en prot\u00e9ines est fabriqu\u00e9 avec du lait frais et des ingr\u00e9dients 100 % naturels. D\u00e9couvrez notre yogourt grec \u00e9pais et onctueux, pr\u00e9par\u00e9 avec l&rsquo;esprit de la c\u00f4te ouest, typiquement C.-B.<\/p>\n            <\/div>\n        <\/div>\n    <\/div>\n<\/div>\n\n\n<div class=\"wp-block-columns alignfull are-vertically-aligned-center olympic-page-product-family-container\">\n    <div class=\"wp-block-column is-vertically-aligned-center\">\n        <div class=\"alignfull\">\n            <div class=\"inner-container  \">\n                <div class=\"products\">\n                                            <div class=\"product product-intro\">\n                            <h2>Yogourt<\/h2>\n                        <\/div>\n                    \n                                            <div class=\"product\">\n                            <a href=\"https:\/\/olympicdairy.com\/fr\/produit\/yogourt-grec-a-la-vanille\/\" class=\"olympic-card-product\">\n                                <div class=\"image-container\">\n                                    <img loading=\"lazy\" src=\"https:\/\/olympicdairy.com\/wp-content\/uploads\/2021\/11\/OLYMPIC-GREC-2-VANILLE-650-FR_500x500.png\" width=\"500\" height=\"500\" alt=\"Olympic Grec vanilla 2&nbsp;%\" \/>\n                                <\/div>\n                                <div class=\"content\">\n                                    <span class=\"card-title\">Yogourt Grec \u00e0 la vanille<\/span>\n                                    <span class=\"card-info\">M.G. 2&nbsp;%<\/span>\n                                <\/div>\n                            <\/a>\n                        <\/div>\n                                            <div class=\"product\">\n                            <a href=\"https:\/\/olympicdairy.com\/fr\/produit\/greek-plain-yogurt\/\" class=\"olympic-card-product\">\n                                <div class=\"image-container\">\n                                    <img loading=\"lazy\" src=\"https:\/\/olympicdairy.com\/wp-content\/uploads\/2021\/11\/OLYMPIC-GREC-2-NATURE-650-FR_500x500.png\" width=\"500\" height=\"500\" alt=\"Grec Naturel 2%\" \/>\n                                <\/div>\n                                <div class=\"content\">\n                                    <span class=\"card-title\">Yogourt Grec nature<\/span>\n                                    <span class=\"card-info\">M.G. 2&nbsp;%<\/span>\n                                <\/div>\n                            <\/a>\n                        <\/div>\n                    \n                <\/div>\n            <\/div>\n        <\/div>\n    <\/div>\n<\/div>\n<script>\n\n\n<\/script>","protected":false},"excerpt":{"rendered":"","protected":false},"author":1,"featured_media":0,"parent":242,"menu_order":3,"comment_status":"closed","ping_status":"closed","template":"","meta":[],"acf":[],"_links":{"self":[{"href":"https:\/\/olympicdairy.com\/fr\/wp-json\/wp\/v2\/pages\/250"}],"collection":[{"href":"https:\/\/olympicdairy.com\/fr\/wp-json\/wp\/v2\/pages"}],"about":[{"href":"https:\/\/olympicdairy.com\/fr\/wp-json\/wp\/v2\/types\/page"}],"author":[{"embeddable":true,"href":"https:\/\/olympicdairy.com\/fr\/wp-json\/wp\/v2\/users\/1"}],"replies":[{"embeddable":true,"href":"https:\/\/olympicdairy.com\/fr\/wp-json\/wp\/v2\/comments?post=250"}],"version-history":[{"count":7,"href":"https:\/\/olympicdairy.com\/fr\/wp-json\/wp\/v2\/pages\/250\/revisions"}],"predecessor-version":[{"id":4709,"href":"https:\/\/olympicdairy.com\/fr\/wp-json\/wp\/v2\/pages\/250\/revisions\/4709"}],"up":[{"embeddable":true,"href":"https:\/\/olympicdairy.com\/fr\/wp-json\/wp\/v2\/pages\/242"}],"wp:attachment":[{"href":"https:\/\/olympicdairy.com\/fr\/wp-json\/wp\/v2\/media?parent=250"}],"curies":[{"name":"wp","href":"https:\/\/api.w.org\/{rel}","templated":true}]}}