{"id":254,"date":"2021-06-21T17:27:14","date_gmt":"2021-06-21T17:27:14","guid":{"rendered":"https:\/\/www.olympicdairy.com\/?page_id=254"},"modified":"2025-12-23T10:24:02","modified_gmt":"2025-12-23T15:24:02","slug":"a-propos","status":"publish","type":"page","link":"https:\/\/olympicdairy.com\/fr\/a-propos\/","title":{"rendered":"\u00c0 propos"},"content":{"rendered":"\n<div class=\"wp-block-columns alignfull are-vertically-aligned-center olympic-page-hero-container alignfull\">\n    <div class=\"wp-block-column is-vertically-aligned-center\">\n        <div class=\"wp-block-cover alignfull\">\n                            <div class=\"overlay\"><\/div>\n                        <img loading=\"lazy\" class=\"wp-block-cover__image-background\" alt=\"About us - Cow in field\" src=\"https:\/\/olympicdairy.com\/wp-content\/uploads\/2021\/11\/AboutUs_Hero_1440x810.jpg\" data-object-fit=\"cover\" width=\"1440\" height=\"810\">\n            <div class=\"wp-block-cover__inner-container\">\n                <h1 class=\"has-text-align-center heading-strong\">Le go\u00fbt frais du lait <strong>biologique<\/strong> dans chaque bouch\u00e9e\n<\/h1>\n                <p>Le lait est naturellement l\u2019ingr\u00e9dient le plus important de tous nos produits laitiers. Il est fra\u00eechement produit dans l\u2019esprit de la c\u00f4te ouest canadienne. C\u2019est vraiment simple. Tout comme notre yogourt.<\/p>\n<p>Et sa grande fra\u00eecheur est due au fait que nos vaches sont en bonne sant\u00e9 et vivent \u00e0 proximit\u00e9 de nos laiteries. C\u2019est vraiment simple. Tout comme notre yogourt.<\/p>\n            <\/div>\n        <\/div>\n    <\/div>\n<\/div>\n\n<div class=\"wp-block-group alignfull olympic-video-container\"><div class=\"wp-block-group__inner-container alignwide has-text-align-center\">\n<h3 class=\"alignwide has-text-align-center\" >Olympic. Une bonne histoire.<\/h3><\/div>\n<div class=\"video-container\">\n<iframe loading=\"lazy\" title=\"Olympic Biologique - Quand \u00eatre aux petits soins fait le plus grand bien\" width=\"750\" height=\"422\" src=\"https:\/\/www.youtube.com\/embed\/FEa-0Fl0pD0?feature=oembed\" frameborder=\"0\" allow=\"accelerometer; autoplay; clipboard-write; encrypted-media; gyroscope; picture-in-picture; web-share\" referrerpolicy=\"strict-origin-when-cross-origin\" allowfullscreen><\/iframe><\/div>\n<\/div>\n\n\n<div class=\"wp-block-columns alignfull are-vertically-aligned-center olympic-page-image-text-container alignfull\">\n    <div class=\"wp-block-column is-vertically-aligned-center\">\n        <div class=\"wp-block-group__inner-container image-text-container\">\n            <div class=\"wp-block-group row alignwide\">\n                <div class=\"wp-block-columns \">\n                    <div class=\"wp-block-column image\">\n                        <img loading=\"lazy\" \n                             src=\"https:\/\/olympicdairy.com\/wp-content\/uploads\/2021\/12\/AboutUs_What_is_Good_About_BC_Nature.jpg\" alt=\"BC Dairy Farms\" \n                             width=\"720\" \n                             height=\"480\">\n                    <\/div>\n                    <div class=\"wp-block-column copy\">\n                        <h2 class=\"has-text-align-left heading-strong\">Ce que la nature de la Colombie-Britannique a de bon<\/h2>\n                        <div class=\"has-text-align-left descriptive\">\n                            <p>Avec la neige \u00e9ternelle de nos montagnes Rocheuses, l\u2019air pur et l\u2019herbe fra\u00eeche \u00e0 la grandeur de notre province, c\u2019est tout naturel que chaque bouch\u00e9e de notre yogourt go\u00fbte la fra\u00eecheur unique de la Colombie-Britannique. \u00c7a, \u00e7a nous rend vraiment fiers &#8211; y compris nos vaches.<\/p>\n                        <\/div>\n                    <\/div>\n                <\/div>\n            <\/div>\n        <\/div>\n    <\/div>\n<\/div>\n\n\n<div class=\"wp-block-group alignfull olympic-citation is-style-default has-background\" style=\"background-color:#f2ebe7\"><div class=\"wp-block-group__inner-container\">\n<h2 class=\"alignwide has-text-align-center has-text-color\" style=\"color:#215732\"><strong><strong>Chez Olympic Dairy,  nous croyons qu&rsquo;\u00eatre aux petits soins fait le plus grand bien. C&rsquo;est pourquoi nous prenons soin de nos vaches, de nos producteurs laitiers et de toute notre communaut\u00e9, et cette philosophie guide tout ce que nous faisons.<\/strong><\/strong><\/h2>\n<\/div><\/div>\n\n\n\n<div class=\"wp-block-columns alignfull are-vertically-aligned-center olympic-page-image-text-container alignfull\">\n    <div class=\"wp-block-column is-vertically-aligned-center\">\n        <div class=\"wp-block-group__inner-container image-text-container\">\n            <div class=\"wp-block-group row alignwide\">\n                <div class=\"wp-block-columns reverse\">\n                    <div class=\"wp-block-column image\">\n                        <img loading=\"lazy\" \n                             src=\"https:\/\/olympicdairy.com\/wp-content\/uploads\/2021\/12\/AboutUs_Good_People.jpg\" alt=\"Good People Good Farmers\" \n                             width=\"720\" \n                             height=\"480\">\n                    <\/div>\n                    <div class=\"wp-block-column copy\">\n                        <h2 class=\"has-text-align-left heading-strong\">Olympic. Du bon monde.<\/h2>\n                        <div class=\"has-text-align-left descriptive\">\n                            <p><strong>Nos vaches sont parfaites (comme leur lait)<br \/>\n<\/strong>Chaque vache Olympic est notre employ\u00e9e de la semaine. Du mois. De l\u2019ann\u00e9e. Vous comprenez le principe. Ces vaches sont nos coll\u00e8gues les plus importantes. Passez une journ\u00e9e avec elles et vous allez d\u00e9couvrir des personnalit\u00e9s aussi diversifi\u00e9es que celles des humains avec qui vous travaillez chaque jour. Elles ont d\u2019ailleurs toutes un joli pr\u00e9nom ! N\u2019est-ce pas, Phoebe ?<\/p>\n<p><strong>Nos producteurs laitiers sont passionn\u00e9s<br \/>\n<\/strong>Nos amis producteurs laitiers Olympic aiment vraiment leurs vaches. Du matin au soir, ils font tout pour que leurs vaches soient toujours heureuses et en bonne sant\u00e9. \u00c7a se go\u00fbte dans chaque bouch\u00e9e. <\/p>\n<p><strong>Nos employ\u00e9s sont d\u00e9vou\u00e9s<br \/>\n<\/strong>Faire les meilleurs produits est une passion partag\u00e9e autant par les producteurs laitiers que par les employ\u00e9s chez Olympic. Tous nos employ\u00e9s sont impliqu\u00e9s \u00e0 100&nbsp;% dans la fabrication de produits laitiers faits avec des ingr\u00e9dients de source 100&nbsp;% naturelle. Ils en sont fiers. Et ils esp\u00e8rent \u00e0 leur tour vous partager la passion des produits Olympic. <\/p>\n                        <\/div>\n                    <\/div>\n                <\/div>\n            <\/div>\n        <\/div>\n    <\/div>\n<\/div>\n\n\n<div class=\"wp-block-columns alignfull are-vertically-aligned-center olympic-page-image-text-container alignfull\">\n    <div class=\"wp-block-column is-vertically-aligned-center\">\n        <div class=\"wp-block-group__inner-container image-text-container\">\n            <div class=\"wp-block-group row alignwide\">\n                <div class=\"wp-block-columns \">\n                    <div class=\"wp-block-column image\">\n                        <img loading=\"lazy\" \n                             src=\"https:\/\/olympicdairy.com\/wp-content\/uploads\/2024\/08\/greek_fr.png\" alt=\"\" \n                             width=\"2138\" \n                             height=\"1419\">\n                    <\/div>\n                    <div class=\"wp-block-column copy\">\n                        <h2 class=\"has-text-align-left heading-strong\">Des bons produits frais<\/h2>\n                        <div class=\"has-text-align-left descriptive\">\n                            <p>Tous nos bons produits sont faits \u00e0 partir d\u2019ingr\u00e9dients aussi frais et naturels que notre lait. Quand on dit qu\u2019ils sont de source 100&nbsp;% naturelle, on veut dire aussi qu\u2019ils sont sans g\u00e9latine, sans gluten, sans agent de conservation et sans colorant ni ar\u00f4mes artificiels. Sant\u00e9!<\/p>\n                        <\/div>\n                    <\/div>\n                <\/div>\n            <\/div>\n        <\/div>\n    <\/div>\n<\/div>\n\n\n<div class=\"wp-block-columns alignfull are-vertically-aligned-center olympic-page-highlight-container\">\n    <div class=\"wp-block-column is-vertically-aligned-center\">\n        <div class=\"alignfull\">\n            <div class=\"inner-container\">\n                <h2 class=\"has-text-align-center heading-strong\">Toutes les raisons sont bonnes de choisir Olympic<\/h2>\n                <div class=\"buckets\">\n                                            <div class=\"bucket\">\n                            <img loading=\"lazy\" class=\"$classes\" alt=\"\" src=\"https:\/\/olympicdairy.com\/wp-content\/uploads\/2024\/08\/greek_fr.png\" width=\"2138\" height=\"1419\">\n                            <div class=\"title\">Des produits naturels de premi\u00e8re qualit\u00e9<\/div>\n                            <div class=\"txt\">Tous nos produits sont faits avec des ingr\u00e9dients de source 100&nbsp;% naturelle pour garantir votre satisfaction \u00e0 100&nbsp;%.<\/div>\n                        <\/div>\n                                            <div class=\"bucket\">\n                            <img loading=\"lazy\" class=\"$classes\" alt=\"Simple Production Methods\" src=\"https:\/\/olympicdairy.com\/wp-content\/uploads\/2021\/12\/AboutUs_Simple_Production_Method.jpg\" width=\"1920\" height=\"1280\">\n                            <div class=\"title\">Une m\u00e9thode de production simple<\/div>\n                            <div class=\"txt\">Nos yogourts, k\u00e9firs et notre cr\u00e8me sure sont faits avec soin. Dans le souci de toujours faire des produits simples et de qualit\u00e9, la plupart de nos yogourts sont de type Balkan. Ce qui permet d&rsquo;obtenir une texture naturellement onctueuse et ferme, pour un produit v\u00e9ritablement d\u00e9licieux.<\/div>\n                        <\/div>\n                                            <div class=\"bucket\">\n                            <img loading=\"lazy\" class=\"$classes\" alt=\"\" src=\"https:\/\/olympicdairy.com\/wp-content\/uploads\/2024\/08\/blueberry_fr-1.png\" width=\"1000\" height=\"750\">\n                            <div class=\"title\">Une marque qui a des bonnes valeurs<\/div>\n                            <div class=\"txt\">Tout ce que nous faisons est fait dans le respect de la nature, des vaches et des gens. Nous avons le c\u0153ur \u00e0 la bonne place.<\/div>\n                        <\/div>\n                                    <\/div>\n            <\/div>\n        <\/div>\n    <\/div>\n<\/div>\n\n\n<div class=\"wp-block-columns alignfull are-vertically-aligned-center olympic-page-banner-container alignfull\">\n    <div class=\"wp-block-column is-vertically-aligned-center\">\n        <div class=\"wp-block-cover alignfull\">\n            <div class=\"overlay\"><\/div>\n            <img loading=\"lazy\" class=\"wp-block-cover__image-background\" alt=\"\" src=\"https:\/\/olympicdairy.com\/wp-content\/uploads\/2021\/11\/WhyOrganic_Footer_1440x480.jpg\" data-object-fit=\"cover\" width=\"1440\" height=\"480\">\n            <div class=\"wp-block-cover__inner-container\">\n                <div class=\"eyebrow\">Les bienfaits du bio<\/div>                <h1 class=\"has-text-align-center heading-strong\">Le biologique, c\u2019est\u00a0bon. Naturellement\u00a0!<\/h1>\n                                <a href=\"https:\/\/www.olympicdairy.com\/fr\/pourquoi-le-bio\/\" class=\"link-right\">D\u00e9couvrir les bienfaits de choisir le biologique<\/a>            <\/div>\n        <\/div>\n    <\/div>\n<\/div>","protected":false},"excerpt":{"rendered":"<p>Chez Olympic Dairy, nous croyons qu&rsquo;\u00eatre aux petits soins fait le plus grand bien. C&rsquo;est pourquoi nous prenons soin de nos vaches, de nos producteurs laitiers et de toute notre communaut\u00e9, et cette philosophie guide tout ce que nous faisons.<\/p>\n","protected":false},"author":1,"featured_media":0,"parent":0,"menu_order":5,"comment_status":"closed","ping_status":"closed","template":"","meta":[],"acf":[],"_links":{"self":[{"href":"https:\/\/olympicdairy.com\/fr\/wp-json\/wp\/v2\/pages\/254"}],"collection":[{"href":"https:\/\/olympicdairy.com\/fr\/wp-json\/wp\/v2\/pages"}],"about":[{"href":"https:\/\/olympicdairy.com\/fr\/wp-json\/wp\/v2\/types\/page"}],"author":[{"embeddable":true,"href":"https:\/\/olympicdairy.com\/fr\/wp-json\/wp\/v2\/users\/1"}],"replies":[{"embeddable":true,"href":"https:\/\/olympicdairy.com\/fr\/wp-json\/wp\/v2\/comments?post=254"}],"version-history":[{"count":10,"href":"https:\/\/olympicdairy.com\/fr\/wp-json\/wp\/v2\/pages\/254\/revisions"}],"predecessor-version":[{"id":4995,"href":"https:\/\/olympicdairy.com\/fr\/wp-json\/wp\/v2\/pages\/254\/revisions\/4995"}],"wp:attachment":[{"href":"https:\/\/olympicdairy.com\/fr\/wp-json\/wp\/v2\/media?parent=254"}],"curies":[{"name":"wp","href":"https:\/\/api.w.org\/{rel}","templated":true}]}}