{"id":261,"date":"2021-08-26T07:44:44","date_gmt":"2021-08-26T11:44:44","guid":{"rendered":"https:\/\/www.olympicdairy.com\/?page_id=261"},"modified":"2021-12-16T02:34:05","modified_gmt":"2021-12-16T07:34:05","slug":"politique-de-protection-de-la-vie-privee","status":"publish","type":"page","link":"https:\/\/olympicdairy.com\/fr\/politique-de-protection-de-la-vie-privee\/","title":{"rendered":"Politique de protection de la vie priv\u00e9e"},"content":{"rendered":"\n<p>Aliments Ultima Inc<\/p>\n\n\n\n<h3>Politique de protection de la vie priv\u00e9e<\/h3>\n\n\n\n<p>Chez Aliments Ultima Inc. (\u00ab Ultima \u00bb), nous nous engageons \u00e0 pr\u00e9server la confidentialit\u00e9 et la s\u00e9curit\u00e9 des renseignements personnels qui vous concernent. C&rsquo;est pourquoi Ultima a \u00e9labor\u00e9 une politique de protection de la vie priv\u00e9e aussi respectueuse que compl\u00e8te (la \u00ab Politique de protection de la vie priv\u00e9e \u00bb). Nous nous conformons \u00e0 la l\u00e9gislation f\u00e9d\u00e9rale sur la confidentialit\u00e9 appel\u00e9e la Loi sur la protection des renseignements personnels et les documents \u00e9lectroniques et aussi aux l\u00e9gislations provinciales comparables. Cette Politique de protection de la vie priv\u00e9e d\u00e9crit les modalit\u00e9s de collecte, d&rsquo;utilisation et de divulgation des renseignements personnels qu\u2019Ultima a adopt\u00e9es.<\/p>\n\n\n\n<p>La Politique de protection de la vie priv\u00e9e d\u00e9finit ce qui suit :<\/p>\n\n\n\n<ul><li>les renseignements personnels ;<\/li><li>les donn\u00e9es que nous recueillons ;<\/li><li>l&rsquo;information que nous obtenons par des moyens techniques ;<\/li><li>le consentement ;<\/li><li>la protection contre la perte et le vol de renseignements ; et<\/li><li>la mani\u00e8re de communiquer avec nous au sujet de la pr\u00e9sente Politique de protection de la vie priv\u00e9e.<\/li><\/ul>\n\n\n\n<p>Si vous d\u00e9sirez des renseignements suppl\u00e9mentaires ou exprimer des pr\u00e9occupations \u00e0 propos de la pr\u00e9sente Politique de protection de la vie priv\u00e9e ou de la confidentialit\u00e9 des donn\u00e9es que nous conservons sur vous, veuillez communiquer avec nous.<\/p>\n\n\n\n<p>En fournissant \u00e0 Ultima des renseignements personnels, vous convenez d\u2019avoir lu, compris et accept\u00e9 les modalit\u00e9s de la pr\u00e9sente Politique de protection de la vie priv\u00e9e et de ce fait que nous pouvons collecter, utiliser et divulguer vos renseignements personnels conform\u00e9ment \u00e0 notre Politique de protection de la vie priv\u00e9e.<\/p>\n\n\n\n<p><strong>Renseignements personnels<\/strong><\/p>\n\n\n\n<p>Un renseignement personnel se d\u00e9finit comme toute information sur une personne identifiable, incluant notamment ses nom, adresse, num\u00e9ro de t\u00e9l\u00e9phone et adresse \u00e9lectronique, mais excluant le nom, le titre et l&rsquo;adresse ou le num\u00e9ro de t\u00e9l\u00e9phone professionnels d&rsquo;un employ\u00e9 d&rsquo;une organisation. Ultima ne collecte que les renseignements personnels que vous fournissez volontairement.<\/p>\n\n\n\n<p><strong>Donn\u00e9es recueillies<\/strong><\/p>\n\n\n\n<p>Nous ne collectons des renseignements personnels que pour les fins qui sont pr\u00e9cis\u00e9es lors de leur cueillette ou avant. Ainsi, lorsque nous recueillerons de l&rsquo;information \u00e0 votre sujet, nous vous signalerons l&rsquo;utilisation qui en sera faite.<\/p>\n\n\n\n<p>Nous pouvons collecter et utiliser vos renseignements personnels pour :<\/p>\n\n\n\n<ul><li>Mettre \u00e0 jour et v\u00e9rifier les donn\u00e9es vous concernant qui peuvent d\u00e9j\u00e0\u00eatre dans notre base de donn\u00e9es ;<\/li><li>R\u00e9pondre \u00e0 vos demandes et commentaires ;<\/li><li>Enregistrer vos coordonn\u00e9es dans certains \u00e9l\u00e9ments de nos sites Web ;<\/li><li>Administrer nos programmes ;<\/li><li>R\u00e9aliser des sondages, des concours et des promotions (s&rsquo;il s&rsquo;agit des donn\u00e9es de participation \u00e0 nos concours, nous nous r\u00e9servons le droit de d\u00e9voiler le nom des personnes gagnantes sur nos sites Web) ;<\/li><li>Distribuer, commercialiser, offrir et publiciser les produits Ultima par l&rsquo;envoi de bulletins, de documents promotionnels, d&rsquo;\u00e9chantillons, de bons de r\u00e9duction et\/ou de courriels, \u00e0 la condition que vous ayez consenti \u00e0 les recevoir ;<\/li><li>Contribuer \u00e0 mieux cerner vos int\u00e9r\u00eats et \u00e0 mettre au point de nouveaux produits et services qui r\u00e9pondront \u00e0 vos besoins ;<\/li><li>Observer toute loi ou r\u00e9glementation pertinente et collaborer \u00e0 toute enqu\u00eate en application de la loi ; et<\/li><li>Satisfaire \u00e0 tout autre objectif pour lequel vous aurez donn\u00e9 votre accord. Par exemple, une personne peut postuler \u00e0 un emploi et nous envoyer son curriculum vit\u00e6.<\/li><\/ul>\n\n\n\n<p>Nous ne vendons pas ni ne transmettons les renseignements personnels que nous collectons. \u00c0 moins que vous n&rsquo;y consentiez par \u00e9crit ou que la loi ne nous y oblige, nous ne divulguerons vos renseignements personnels \u00e0 aucun tiers, except\u00e9 \u00e0 ceux qui sont pr\u00e9cis\u00e9s ci-dessous.<\/p>\n\n\n\n<p>Nous pouvons divulguer vos renseignements personnels :<\/p>\n\n\n\n<ul><li>\u00c0 des fournisseurs tiers, \u00e0 la condition que ceux-ci nous assurent qu&rsquo;ils les utiliseront uniquement pour ex\u00e9cuter la t\u00e2che pour laquelle leurs services ont \u00e9t\u00e9 retenus et qu&rsquo;ils conviennent de respecter des politiques conformes aux lois sur la confidentialit\u00e9 ;<\/li><li>Si vous avez particip\u00e9 \u00e0 l&rsquo;un de nos concours et avez gagn\u00e9, alors votre nom et celui de la ville o\u00f9 vous demeurez peuvent \u00eatre publi\u00e9s par nous ou l&rsquo;un des commanditaires du concours. Pour en savoir plus, veuillez consulter s&rsquo;il y a lieu le r\u00e8glement de ce concours ;<\/li><li>Pour nous conformer \u00e0 des exigences l\u00e9gales, pour appliquer notre Politique de protection de la vie priv\u00e9e ou pour pr\u00e9server votre s\u00e9curit\u00e9 pendant vos visites de nos sites Web ;<\/li><li>\u00c0 des tiers, dans le cas d&rsquo;une r\u00e9organisation, d&rsquo;une fusion ou d&rsquo;un regroupement de l&rsquo;entreprise, ou encore de la vente totale ou partielle de son actif, \u00e0 la condition que l&rsquo;entit\u00e9 qui acquiert les renseignements personnels divulgu\u00e9s continue de les utiliser aux fins autoris\u00e9es par la pr\u00e9sente Politique de protection de la vie priv\u00e9e ; ou<\/li><li>\u00c0 tout autre tiers b\u00e9n\u00e9ficiant de votre autorisation pour collecter, utiliser ou divulguer vos renseignements personnels.<\/li><\/ul>\n\n\n\n<p><strong>Information obtenue par des moyens techniques<\/strong><\/p>\n\n\n\n<p>Nous utilisons des outils appel\u00e9s \u00ab t\u00e9moins \u00bb afin de reconna\u00eetre votre navigateur chaque fois que vous visitez l&rsquo;un de nos sites Web. Nous pouvons nous servir de l&rsquo;information des t\u00e9moins et la divulguer \u00e0 des affili\u00e9s et \u00e0 des tiers, dans le but de g\u00e9rer et am\u00e9liorer nos sites Web et nos programmes. Nous pouvons \u00e9galement recueillir votre adresse IP lorsque vous visitez nos sites Web. Nous conservons les adresses IP pour savoir combien de fois une seule personne visite nos sites Web. Les t\u00e9moins ne peuvent dresser le profil de votre ordinateur ni extraire de l&rsquo;information de votre disque dur. Bien que vous puissiez recevoir des t\u00e9moins de nombreux sites diff\u00e9rents, chaque t\u00e9moin ne peut \u00eatre lu que par le serveur Web qui l&rsquo;a transmis. \u00c0 leur premi\u00e8re mise en service, la plupart des navigateurs acceptent les t\u00e9moins, mais vous pouvez les configurer pour qu&rsquo;ils les refusent.<\/p>\n\n\n\n<p><strong>Consentement<\/strong><\/p>\n\n\n\n<p>Ultima fait tous les efforts possibles et raisonnables pour s&rsquo;assurer de toujours obtenir un consentement appropri\u00e9. Pour d\u00e9terminer si un consentement donn\u00e9 est appropri\u00e9, Ultima tient compte de la sensibilit\u00e9 de l&rsquo;information fournie. Si nous avons l&rsquo;intention d&rsquo;utiliser subs\u00e9quemment des renseignements personnels \u00e0 d&rsquo;autres fins que celles pour lesquelles le consentement initial a \u00e9t\u00e9 donn\u00e9 et au-del\u00e0 de ce qu&rsquo;une personne peut raisonnablement pr\u00e9voir, nous demandons un autre consentement.<\/p>\n\n\n\n<p>Vous pouvez refuser de recevoir des communications et retirer votre consentement \u00e0 l&rsquo;utilisation de vos renseignements personnels \u00e0 des fins commerciales ou dans le cadre d&rsquo;\u00e9tudes de march\u00e9. Les bulletins, documents promotionnels et courriels que nous envoyons contiennent des indications vous permettant de refuser de recevoir des communications ult\u00e9rieures. Le retrait de consentement ou le refus des communications peut, dans certains cas, rendre impossible votre engagement dans certains programmes, r\u00e9clames ou promotions.<\/p>\n\n\n\n<p><strong>Protection contre la perte et le vol de renseignements<\/strong><\/p>\n\n\n\n<p>Nous avons mis en \u0153uvre des mesures de s\u00e9curit\u00e9 susceptibles de vous prot\u00e9ger contre la perte, l&rsquo;usage abusif et l&rsquo;alt\u00e9ration de vos donn\u00e9es d&rsquo;utilisateur dont nous avons le contr\u00f4le. Dans tous les cas, nous prenons des mesures raisonnables pour que vos renseignements personnels soient conserv\u00e9s dans des endroits s\u00fbrs, prot\u00e9g\u00e9s contre un acc\u00e8s non autoris\u00e9 et gard\u00e9s uniquement pendant la dur\u00e9e raisonnablement n\u00e9cessaire \u00e0 leur utilisation. Seuls les employ\u00e9s autoris\u00e9s qui ont besoin de conna\u00eetre l&rsquo;information que vous aurez fournie pour les fins d\u00e9crites dans la pr\u00e9sente politique y auront acc\u00e8s. Tous les employ\u00e9s qui ont acc\u00e8s aux bases de donn\u00e9es contenant les donn\u00e9es d&rsquo;utilisateur ou aux serveurs h\u00e9bergeant nos services sont tenus de respecter un strict accord de non divulgation. Nous ne pouvons \u00eatre tenus responsables de tout usage illicite de vos renseignements personnels d\u00e9passant notre contr\u00f4le raisonnable.<\/p>\n\n\n\n<p><strong>Enfants<\/strong><\/p>\n\n\n\n<p>Jamais nous ne sollicitons, recueillons, stockons ou divulguons sciemment des renseignements personnels d&rsquo;enfants de moins de 16 ans. Nous ne pouvons collecter et utiliser que les coordonn\u00e9es des enfants de 13 \u00e0 16 ans, par exemple leurs nom, adresse de domicile, adresse \u00e9lectronique et\/ou num\u00e9ro de t\u00e9l\u00e9phone. Si un enfant de moins de 16 ans d\u00e9sire nous transmettre des renseignements personnels, il doit nous fournir l&rsquo;adresse \u00e9lectronique d&rsquo;un de ses parents ou celle de son tuteur, afin que nous puissions obtenir un consentement explicite \u00e0 la collecte et l\u2019utilisation des coordonn\u00e9es de l\u2019enfant. Si un enfant de moins de 16 ans nous a d\u00e9j\u00e0 transmis des renseignements personnels, un de ses parents ou son tuteur peut communiquer avec nous en vue de corriger ou supprimer ces renseignements.<\/p>\n\n\n\n<p><strong>Conservation des renseignements personnels<\/strong><\/p>\n\n\n\n<p>Nous ne conserverons les informations qui permettent de vous identifier que le temps n\u00e9cessaire \u00e0 leur traitement \u00e0 l&rsquo;interne et afin de r\u00e9pondre \u00e0 diverses exigences comptables et juridiques. Lorsque nous n&rsquo;aurons plus besoin de ces renseignements, nous nous assurerons qu&rsquo;ils soient d\u00e9truits ou que les \u00e9l\u00e9ments d&rsquo;identification en soient retir\u00e9s.<\/p>\n\n\n\n<p><strong>Pour communiquer avec nous au sujet de la pr\u00e9sente Politique de protection de la vie priv\u00e9e<\/strong><\/p>\n\n\n\n<p>Vous avez le droit d&rsquo;obtenir une copie des renseignements personnels que vous nous aurez fournis et aussi de les corriger ou les mettre \u00e0 jour. Sur r\u00e9ception d&rsquo;une demande \u00e9crite, nous vous informerons de l&rsquo;existence, de l&rsquo;utilisation et de la divulgation de vos renseignements personnels et vous donnerons l&rsquo;occasion de r\u00e9viser ceux-ci.<\/p>\n\n\n\n<p>Si vous croyez que nous ne nous sommes pas conform\u00e9s \u00e0 la pr\u00e9sente Politique de protection de la vie priv\u00e9e ou n&rsquo;avons pas respect\u00e9 la confidentialit\u00e9 de vos renseignements personnels, vous pouvez en faire part, par lettre, au responsable de la protection de la vie priv\u00e9e, \u00e0 l&rsquo;adresse suivante :Aliments Ultima Inc.<br>405 The West Mall, Suite 1000<br>Toronto, Ontario<br>Canada M9C 5J1<br>&#8211; ou &#8211;<br>Courriel:&nbsp;<a href=\"mailto:privacyofficer@ca.lactalis.com\">privacyofficer@ca.lactalis.com<\/a><\/p>\n\n\n\n<p>Dans votre lettre, veuillez pr\u00e9ciser, de mani\u00e8re aussi d\u00e9taill\u00e9e que possible, pourquoi vous croyez que nous ne nous sommes pas conform\u00e9s \u00e0 notre Politique de protection de la vie priv\u00e9e. Nous \u00e9tudierons rapidement votre plainte.<\/p>\n\n\n\n<p>De plus, nous vous prions de noter que nous ne pouvons \u00eatre tenus responsables du contenu ou des r\u00e8gles de confidentialit\u00e9 des sites Web non apparent\u00e9s \u00e0 Ultima auxquels Ultima ou l&rsquo;un de ses sites Web peut vous connecter<\/p>\n\n\n\n<p>Ultima se r\u00e9serve le droit, \u00e0 n&rsquo;importe quel moment, de modifier ou de compl\u00e9ter la pr\u00e9sente Politique de protection de la vie priv\u00e9e. Tout changement que nous ferons appara\u00eetra sur notre site Web. Nous vous recommandons de consulter souvent la Politique de protection de la vie priv\u00e9e, pour vous assurer d&rsquo;\u00eatre toujours bien renseign\u00e9(e) sur les modalit\u00e9s de collecte, d&rsquo;utilisation et de divulgation des renseignements personnels adopt\u00e9es par Ultima.<\/p>\n","protected":false},"excerpt":{"rendered":"<p>Aliments Ultima Inc Politique de protection de la vie priv\u00e9e Chez Aliments Ultima Inc. (\u00ab Ultima \u00bb), nous nous engageons \u00e0 pr\u00e9server la confidentialit\u00e9 et la s\u00e9curit\u00e9 des renseignements personnels qui vous concernent. C&rsquo;est pourquoi Ultima a \u00e9labor\u00e9 une politique de protection de la vie priv\u00e9e aussi respectueuse que compl\u00e8te (la \u00ab Politique de protection&hellip; <a class=\"more-link\" href=\"https:\/\/olympicdairy.com\/fr\/politique-de-protection-de-la-vie-privee\/\">Continue reading <span class=\"screen-reader-text\">Politique de protection de la vie priv\u00e9e<\/span><\/a><\/p>\n","protected":false},"author":1,"featured_media":0,"parent":0,"menu_order":12,"comment_status":"closed","ping_status":"open","template":"","meta":[],"acf":[],"_links":{"self":[{"href":"https:\/\/olympicdairy.com\/fr\/wp-json\/wp\/v2\/pages\/261"}],"collection":[{"href":"https:\/\/olympicdairy.com\/fr\/wp-json\/wp\/v2\/pages"}],"about":[{"href":"https:\/\/olympicdairy.com\/fr\/wp-json\/wp\/v2\/types\/page"}],"author":[{"embeddable":true,"href":"https:\/\/olympicdairy.com\/fr\/wp-json\/wp\/v2\/users\/1"}],"replies":[{"embeddable":true,"href":"https:\/\/olympicdairy.com\/fr\/wp-json\/wp\/v2\/comments?post=261"}],"version-history":[{"count":2,"href":"https:\/\/olympicdairy.com\/fr\/wp-json\/wp\/v2\/pages\/261\/revisions"}],"predecessor-version":[{"id":2647,"href":"https:\/\/olympicdairy.com\/fr\/wp-json\/wp\/v2\/pages\/261\/revisions\/2647"}],"wp:attachment":[{"href":"https:\/\/olympicdairy.com\/fr\/wp-json\/wp\/v2\/media?parent=261"}],"curies":[{"name":"wp","href":"https:\/\/api.w.org\/{rel}","templated":true}]}}