{"id":2642,"date":"2021-12-16T02:11:43","date_gmt":"2021-12-16T07:11:43","guid":{"rendered":"https:\/\/www.olympicdairy.com\/?page_id=2642"},"modified":"2021-12-16T02:38:54","modified_gmt":"2021-12-16T07:38:54","slug":"conditions-dutilisation","status":"publish","type":"page","link":"https:\/\/olympicdairy.com\/fr\/conditions-dutilisation\/","title":{"rendered":"Conditions d\u2019utilisation"},"content":{"rendered":"\n<h3>Conditions d\u2019utilisation<\/h3>\n\n\n\n<p>Aliments Ultima Inc. et ses soci\u00e9t\u00e9s affili\u00e9es (ci-apr\u00e8s collectivement \u00ab&nbsp;<strong>Ultima<\/strong>&nbsp;\u00bb) vous souhaitent la bienvenue sur le pr\u00e9sent site Web (le \u201c&nbsp;<strong>Site Web<\/strong>&nbsp;\u201d). Ultima est une compagnie ayant son si\u00e8ge social situ\u00e9 au:<br><br>Ultima Foods Inc.<br>405 The West Mall, Suite 1000<br>Toronto, Ontario<br>Canada M9C 5J1<\/p>\n\n\n\n<p>En acc\u00e9dant au pr\u00e9sent Site Web, en l\u2019utilisant ou en t\u00e9l\u00e9chargeant tout \u00e9l\u00e9ment de son contenu, vous acceptez d\u2019\u00eatre li\u00e9 par toutes les modalit\u00e9s contenues dans les conditions d\u2019utilisation \u00e9nonc\u00e9es ci-dessous (les \u00ab&nbsp;<strong>Conditions d\u2019utilisation<\/strong>&nbsp;\u00bb), lesquelles constituent un contrat entre vous et Ultima r\u00e9gissant votre utilisation du Site Web. Ce contrat ne s\u2019applique pas \u00e0 tout achat ou autre relation contractuelle pouvant exister entre vous et Ultima. Veuillez lire attentivement les pr\u00e9sentes Conditions d\u2019utilisation avant d\u2019utiliser le Site Web. Si vous n\u2019acceptez pas les pr\u00e9sentes Conditions d\u2019utilisation, veuillez ne pas acc\u00e9der au Site Web ni \u00e0 son contenu.<\/p>\n\n\n\n<p><strong>Modifications des Conditions d\u2019utilisation<\/strong><\/p>\n\n\n\n<p>Ultima peut modifier les Conditions d\u2019utilisation \u00e0 sa convenance, en tout ou en partie, \u00e0 n\u2019importe quel moment et sans pr\u00e9avis. Toute modification entrera en vigueur d\u00e8s sa mise en ligne sur le Site Web. Votre utilisation du Site Web sera assujettie \u00e0 la plus r\u00e9cente version des Conditions d\u2019utilisation mise en ligne. En cas de conflit entre une modification et une version ant\u00e9rieure des Conditions d\u2019utilisation, la version plus r\u00e9cente comprenant les modifications aura pr\u00e9s\u00e9ance. Veuillez consulter les Conditions d\u2019utilisation r\u00e9guli\u00e8rement. Si vous n\u2019acceptez pas les mises \u00e0 jour qui sont faites aux Conditions d\u2019utilisation, veuillez imm\u00e9diatement cesser d\u2019utiliser le Site Web.<\/p>\n\n\n\n<p><strong>Renseignements personnels<\/strong><\/p>\n\n\n\n<p>Pour acc\u00e9der \u00e0 certaines fonctions du Site Web, il est possible que vous ayez \u00e0 fournir des renseignements personnels. Les renseignements personnels recueillis par l\u2019entremise de ce Site Web sont utilis\u00e9s et divulgu\u00e9s conform\u00e9ment aux modalit\u00e9s de notre politique de protection de la vie priv\u00e9e, laquelle est incorpor\u00e9e dans les pr\u00e9sentes Conditions d\u2019utilisation et est accessible en cliquant&nbsp;<a href=\"https:\/\/www.olympicdairy.com\/confidentialite\">ici<\/a>. Toute l\u2019information que vous divulguez sur ce Site Web doit \u00eatre exacte, \u00e0 jour et compl\u00e8te et ne doit pas \u00eatre transmise par des personnes mineures. De plus, vous d\u00e9clarez et garantissez que vous n\u2019utilisez pas le nom d\u2019une autre personne dans le cadre de l\u2019utilisation du pr\u00e9sent Site Web.<\/p>\n\n\n\n<p><strong>Propri\u00e9t\u00e9 intellectuelle<\/strong><\/p>\n\n\n\n<p>L\u2019ensemble des droits, titres et int\u00e9r\u00eats relatifs au pr\u00e9sent Site Web appartiennent exclusivement \u00e0 Ultima. Le Site Web est prot\u00e9g\u00e9 en vertu des lois applicables sur la propri\u00e9t\u00e9 intellectuelle, dont notamment la Loi sur le droit d\u2019auteur, la Loi sur les marques de commerce ainsi que par toutes autres lois applicables relatives \u00e0 la propri\u00e9t\u00e9 intellectuelle. Vous n\u2019\u00eates pas autoris\u00e9 \u00e0 (i) copier, modifier, reproduire, afficher publiquement, transmettre, vendre ou autrement exploiter ou utiliser l\u2019int\u00e9gralit\u00e9 ou une partie du contenu du Site Web, (ii) utiliser ou distribuer des \u00e9l\u00e9ments du Site Web \u00e0 des fins commerciales, ou (iii) cr\u00e9er des \u0153uvres ou des sites Web d\u00e9riv\u00e9s du contenu du Site Web.<\/p>\n\n\n\n<p>Les marques de commerce, logotypes, marques de service et signes distinctifs apparaissant sur le pr\u00e9sent Site Web (collectivement, les \u201c<strong>Marques de commerce<\/strong>\u201d) sont des marques d\u00e9pos\u00e9es appartenant \u00e0 Ultima ou sont la propri\u00e9t\u00e9 d\u2019Ultima par leur usage en vertu de la Common law ou selon le cas, sont utilis\u00e9es sous licence par Ultima avec la permission de leur propri\u00e9taire. Toute utilisation ou reproduction d\u2019une Marque de commerce est interdite, sauf avec le consentement pr\u00e9alable \u00e9crit et explicite d\u2019Ultima. Aucune information ni aucun contenu du pr\u00e9sent Site Web ne peut \u00eatre interpr\u00e9t\u00e9 comme conf\u00e9rant directement ou indirectement quelque autorisation ou droit que ce soit d\u2019utiliser l\u2019une ou l\u2019autre des Marques de commerce sans la permission pr\u00e9alable \u00e9crite d\u2019Ultima ou de quiconque est propri\u00e9taire des Marques de commerce.<\/p>\n\n\n\n<p>Malgr\u00e9 ce qui pr\u00e9c\u00e8de, vous pouvez copier, afficher de mani\u00e8re priv\u00e9e et occasionnellement imprimer une copie papier des pages contenues sur ce Site Web uniquement pour votre usage personnel et non commercial. Vous devez pr\u00e9server toute mention juridique portant sur le droit d\u2019auteur ou la propri\u00e9t\u00e9 des Marques de commerce ainsi que tout autre avis de propri\u00e9t\u00e9 apparaissant sur le pr\u00e9sent Site Web. Si vous violez l\u2019une ou l\u2019autre des pr\u00e9sentes Conditions d\u2019utilisation, l\u2019autorisation dont vous jouissez pour utiliser le pr\u00e9sent Site Web ou les services qui y sont offerts prendra automatiquement fin et vous devrez alors sans d\u00e9lai d\u00e9truire tout contenu t\u00e9l\u00e9charg\u00e9 ou imprim\u00e9.<\/p>\n\n\n\n<p><strong>Interdictions<\/strong><\/p>\n\n\n\n<p>Vous vous engagez \u00e0 ne pas faire ce qui suit :<\/p>\n\n\n\n<ul><li>personnifier ou repr\u00e9senter faussement votre lien avec une personne ou une entit\u00e9;<\/li><li>acc\u00e9der \u00e0 et\/ou utiliser des sections du Site Web ou des syst\u00e8mes informatiques d\u2019Ultima qui ne sont pas publics;<\/li><li>tenter de sonder, d\u2019explorer ou d\u2019\u00e9valuer la vuln\u00e9rabilit\u00e9 du Site Web ou d\u2019un syst\u00e8me ou un r\u00e9seau connexe, ou violer les mesures des\u00e9curit\u00e9 ou d\u2019authentification utilis\u00e9es dans le cadre du Site Web et des syst\u00e8mes et r\u00e9seaux connexes;<\/li><li>modifier, d\u00e9placer, supprimer ou autrement ajouter quelque chose au Site Web, ni tenter de d\u00e9crypter, de d\u00e9compiler, de d\u00e9sassembler, de faire de l\u2019ing\u00e9nierie inverse, utiliser ou restreindre les logiciels utilis\u00e9s pour fournir le Site Web;<\/li><li>nuire ou menacer de nuire aux autres utilisateurs du Site Web de quelque fa\u00e7on que ce soit ou entraver ou tenter d\u2019entraver l\u2019acc\u00e8s d\u2019un utilisateur, d\u2019un h\u00f4te ou d\u2019un r\u00e9seau, notamment au moyen de la transmission d\u2019un virus, d\u2019une surcharge (\u00ab overloading \u00bb), d\u2019un envoi massif (\u00ab flooding \u00bb), de pollupostage (\u00ab spamming \u00bb) ou de bombardements de courriels (\u00ab mailbombing \u00bb); et<\/li><li>utiliser le Site Web d\u2019une fa\u00e7on abusive qui est contraire \u00e0 l\u2019utilisation qui en est pr\u00e9vue, \u00e0 la documentation relative au Site Web ou aux directives raisonnables d\u2019Ultima.<\/li><\/ul>\n\n\n\n<p>Ultima a le droit d\u2019enqu\u00eater sur toute violation des pr\u00e9sentes Conditions d\u2019utilisation et d\u2019intenter des poursuites \u00e0 cet \u00e9gard, notamment en cas de violation d\u2019un droit de propri\u00e9t\u00e9 intellectuelle ou de bris de s\u00e9curit\u00e9, et ce conform\u00e9ment aux lois applicables. Ultima peut demander l\u2019aide des autorit\u00e9s charg\u00e9es de l\u2019application des lois et collaborer avec celles-ci pour intenter des poursuites contre les utilisateurs qui violent les pr\u00e9sentes Conditions d\u2019utilisation. Vous reconnaissez que, bien qu\u2019Ultima n\u2019est pas tenue de surveiller votre acc\u00e8s au Site Web ou l\u2019utilisation que vous en faites, elle a le droit de le faire dans le cadre de l\u2019exploitation du pr\u00e9sent Site Web afin de s\u2019assurer que vous respectez les pr\u00e9sentes Conditions d\u2019utilisation ou pour respecter le droit applicable ou l\u2019ordonnance ou les exigences d\u2019un tribunal, d\u2019un organisme administratif ou de tout autre organisme gouvernemental.<\/p>\n\n\n\n<p><strong>Information et hyperliens de tiers<\/strong><\/p>\n\n\n\n<p>Bien qu\u2019Ultima contr\u00f4le l\u2019information contenue sur le pr\u00e9sent Site Web, certaines donn\u00e9es contenues au pr\u00e9sent Site Web peuvent \u00eatre fournies par de tierces parties ind\u00e9pendantes. Malgr\u00e9 les efforts consid\u00e9rables d\u00e9ploy\u00e9s par Ultima pour s\u2019assurer de l\u2019exactitude de toute l\u2019information contenue sur le Site Web, Ultima ne peut garantir une telle exactitude.<\/p>\n\n\n\n<p>Le Site Web contient des liens qui vous permettent d\u2019acc\u00e9der \u00e0 d\u2019autres sites Web qui ne sont pas contr\u00f4l\u00e9s par Ultima et les liens permettant d\u2019y acc\u00e9der sont offerts uniquement pour des raisons de commodit\u00e9, \u00e9tant entendu qu\u2019Ultima ne cautionne aucun de ces autres sites Web. Ultima n\u2019assume aucune responsabilit\u00e9 relativement au contenu possible de quelque site Web que ce soit auquel le pr\u00e9sent Site Web donne acc\u00e8s et Ultima ne fait aucune repr\u00e9sentation de quelque nature que ce soit quant \u00e0 la qualit\u00e9 de tout produit ou service offert sur ces sites Web.<\/p>\n\n\n\n<p>Ultima n\u2019est pas responsable, n\u2019offre aucune garantie d\u2019exactitude, de s\u00e9curit\u00e9 ou autre et n\u2019endosse aucunement les contenus (dont les opinions) communiqu\u00e9s par le public sur le pr\u00e9sent Site Web ou tout autre site Web.<\/p>\n\n\n\n<p><strong>Informations nutritionnelles<\/strong><\/p>\n\n\n\n<p>Des sujets en lien avec la nutrition ou la sant\u00e9 peuvent \u00eatre abord\u00e9s sur le Site Web, mais ils ne doivent pas \u00eatre interpr\u00e9t\u00e9s comme des conseils professionnels. Consultez toujours un nutritionniste ou un professionnel de la sant\u00e9 avant d\u2019apporter des changements \u00e0 votre r\u00e9gime alimentaire.<\/p>\n\n\n\n<p><strong>Renseignements anonymes recueillis par le biais du Site Web<\/strong><\/p>\n\n\n\n<p>Ultima recueille des renseignements anonymes relativement \u00e0 l\u2019utilisation de son Site Web. Ainsi, Ultima utilise divers outils technologiques pour savoir quelles pages de son Site Web ont \u00e9t\u00e9 consult\u00e9es par ses visiteurs, pour d\u00e9terminer la fr\u00e9quence d\u2019utilisation des hyperliens et pour compiler des statistiques sur les visiteurs et leur utilisation du Site Web. Ces renseignements sont recueillis par le biais d\u2019une plateforme analytique (ex. : Google Analytics), de fichiers journaux (\u00ab log file \u00bb) et de fichiers t\u00e9moins (\u00ab cookies \u00bb). Ces renseignements anonymes sont recueillis de fa\u00e7on \u00e0 ce qu\u2019Ultima ne puisse pas vous identifier.<\/p>\n\n\n\n<p>Ultima peut afficher des publicit\u00e9s bas\u00e9es sur des centres d\u2019int\u00e9r\u00eat tant sur le pr\u00e9sent Site Web dont Ultima est propri\u00e9taire que sur les autres sites Web qu\u2019elle exploite et sur tout autre site Web appartenant \u00e0 des tiers, en utilisant les renseignements anonymes recueillis lorsque vous consultez le pr\u00e9sent Site Web. Les campagnes publicitaires bas\u00e9es sur des centres d\u2019int\u00e9r\u00eat qui sont parfois d\u00e9sign\u00e9es comme des campagnes publicitaires personnalis\u00e9es ou cibl\u00e9es, sont affich\u00e9es en fonction des renseignements anonymes tir\u00e9s de vos activit\u00e9s sur le Site Web et la visite de tout autre site Web qui affiche du contenu ou des campagnes publicitaires d\u2019Ultima.<\/p>\n\n\n\n<p>Comme d\u2019autres r\u00e9seaux de publicit\u00e9 en ligne, Ultima utilise des t\u00e9moins, des pixels-espions (aussi d\u00e9sign\u00e9s gif \u00e0 pixel unique) et d\u2019autres technologies (collectivement, les \u00ab t\u00e9moins \u00bb ou \u00ab cookies \u00bb). Les t\u00e9moins permettent de renseigner Ultima sur les publicit\u00e9s que vous voyez, sur les publicit\u00e9s sur lesquelles vous cliquez et les autres gestes que vous posez lorsque vous consultez le Site Web. Cela permet \u00e0 Ultima de vous offrir des publicit\u00e9s plus utiles et plus pertinentes. Par exemple, si Ultima est en mesure de connaitre les publicit\u00e9s qui vous sont pr\u00e9sent\u00e9es, Ultima peut \u00e9viter de vous montrer les m\u00eames publicit\u00e9s de mani\u00e8re r\u00e9p\u00e9t\u00e9e. Ultima ne relie pas votre activit\u00e9 sur des sites Web de tiers \u00e0 votre identit\u00e9 lorsqu\u2019Ultima vous offre des publicit\u00e9s bas\u00e9es sur des centres d\u2019int\u00e9r\u00eat.<\/p>\n\n\n\n<p>Les annonceurs ou les agences de publicit\u00e9 qui travaillent pour le compte de ceux-ci ont parfois recours \u00e0 divers outils technologiques pour acheminer les campagnes publicitaires qui figurent sur notre Site Web directement vers votre navigateur. Pour ce faire, ceux-ci obtiennent automatiquement votre adresse IP. Ils peuvent \u00e9galement avoir recours \u00e0 des t\u00e9moins pour mesurer l\u2019efficacit\u00e9 de leurs campagnes publicitaires et personnaliser le contenu publicitaire. Ultima n\u2019a aucun acc\u00e8s ni aucun contr\u00f4le sur ces t\u00e9moins ou autres outils technologiques que les annonceurs ou sites Web de tiers peuvent \u00eatre amen\u00e9s \u00e0 utiliser.<\/p>\n\n\n\n<p>Vous pouvez g\u00e9n\u00e9ralement choisir de ne pas recevoir de campagnes publicitaires personnalis\u00e9es de tiers annonceurs et de r\u00e9seaux publicitaires qui sont membres de la Network Advertising Initiative (NAI) ou qui ont adh\u00e9r\u00e9 aux Principes d\u2019autor\u00e9glementation en mati\u00e8re de publicit\u00e9 comportementale en ligne en visitant les pages d\u2019option de retrait sur le site Web de la NAI et sur le site Web de la Digital Advertising Alliance (DAA). Vous pouvez aussi d\u00e9sactiver Google Analytics pour la publicit\u00e9 display et personnaliser les annonces diffus\u00e9es sur le R\u00e9seau Display de Google via la page Param\u00e8tres des annonces (lien).<\/p>\n\n\n\n<p><strong>Sollicitation<\/strong><\/p>\n\n\n\n<p>En fournissant \u00e0 Ultima votre adresse courriel ou votre num\u00e9ro de t\u00e9l\u00e9phone, vous consentez \u00e0 ce qu\u2019Ultima l\u2019utilise comme moyen de communication entre vous et Ultima. Ce consentement autorise Ultima \u00e0 vous transmettre toute information relative au Site Web, vous informer sur d\u2019autres produits, services et opportunit\u00e9s pouvant vous int\u00e9resser ainsi que pour obtenir votre opinion sur la qualit\u00e9 du Site Web.<\/p>\n\n\n\n<p>Dans l\u2019\u00e9ventualit\u00e9 o\u00f9 vous ne d\u00e9sirez plus \u00eatre contact\u00e9 par Ultima, vous pouvez faire parvenir \u00e0 Ultima une demande \u00e9crite \u00e0 cet effet aux coordonn\u00e9es suivantes :<\/p>\n\n\n\n<p>Par courriel, cliquez&nbsp;<a href=\"https:\/\/contact.parmalat.ca\/fr\/olympicdairy\/\" target=\"_blank\" rel=\"noreferrer noopener\">ici<\/a>Par la poste :<br>Ultima Foods Inc.<br>405 The West Mall, Suite 1000<br>Toronto, Ontario<br>Canada M9C 5J1<\/p>\n\n\n\n<p><strong>Communications adress\u00e9es \u00e0 Ultima<\/strong><\/p>\n\n\n\n<p>Veuillez noter qu\u2019Ultima ne sollicite pas et ne souhaite pas recevoir d\u2019id\u00e9e, de suggestion, de document ou toute autre information de quelque nature que ce soit, concernant le d\u00e9veloppement, la conception, la fabrication, la modification ou la mise en march\u00e9 de ses produits ou de tout nouveau produit, \u00e0 moins qu\u2019elle n\u2019invite sp\u00e9cifiquement le public \u00e0 soumettre ses id\u00e9es dans le cadre de challenge d\u2019innovation ouverte qu\u2019elle peut organiser de temps \u00e0 autre.<\/p>\n\n\n\n<p>Veuillez \u00e9galement prendre note que tous les renseignements (incluant vos id\u00e9es) autres que les renseignements personnels que vous pourriez communiquer \u00e0 Ultima seront consid\u00e9r\u00e9s comme \u00e9tant non confidentiels de telle sorte qu\u2019Ultima aura alors le loisir de les utiliser \u00e0 n\u2019importe quelle fin, incluant sans s\u2019y limiter, pour le d\u00e9veloppement, la cr\u00e9ation et la mise en march\u00e9 de nouveaux produits.<\/p>\n\n\n\n<p><strong>LIMITATION DE GARANTIE<\/strong><\/p>\n\n\n\n<p>VOUS RECONNAISSEZ QUE VOUS UTILISEZ LE PR\u00c9SENT SITE WEB \u00c0 VOS PROPRES RISQUES ET QUE TOUTE L\u2019INFORMATION QU\u2019IL CONTIENT EST OFFERTE \u00ab TELLE QUELLE \u00bb ET \u00ab TELLE QUE DISPONIBLE \u00bb. DANS LA PLEINE MESURE ACCORD\u00c9E PAR LE DROIT APPLICABLE, ULTIMA ET SES FOURNISSEURS NE GARANTISSENT NI L\u2019EXACTITUDE NI L\u2019EXHAUSTIVIT\u00c9 DE L\u2019INFORMATION OFFERTE SUR LE SITE WEB OU PAR SON ENTREMISE ET NE FONT AUCUNE D\u00c9CLARATION QUANT AUDIT SITE WEB, NOTAMMENT EN CE QU\u2019IL R\u00c9POND \u00c0 VOS BESOINS OU QU\u2019IL SERA COMPATIBLE AVEC DU MAT\u00c9RIEL OU UN LOGICIEL FOURNI PAR DES TIERS, QUE LE SITE WEB NE SERA PAS INTERROMPU, QU\u2019IL SERA EXEMPT DE PROBL\u00c8MES OU D\u2019ERREURS OU QUE TOUTES LES ERREURS SERONT CORRIG\u00c9ES. L\u2019INFORMATION APPARAISSANT SUR LE SITE WEB PEUT \u00caTRE OBSOL\u00c8TE ET ULTIMA NE S\u2019ENGAGE PAS QUANT \u00c0 SON EXACTITUDE. P\u00c9RIODIQUEMENT ET SANS PR\u00c9AVIS, ULTIMA PEUT COMPL\u00c9TER, MODIFIER, AM\u00c9LIORER OU METTRE \u00c0 JOUR L\u2019INFORMATION DIFFUS\u00c9E SUR CE SITE WEB. ULTIMA PEUT FAIRE R\u00c9F\u00c9RENCE \u00c0 DES PRODUITS, PROGRAMMES OU SERVICES QUI NE SONT PAS OFFERTS DANS VOTRE R\u00c9GION. VOUS RECONNAISSEZ QU\u2019ULTIMA NE PEUT GARANTIR, NI NE GARANTIT QUE DES FICHIERS T\u00c9L\u00c9CHARGEABLES PAR INTERNET NE SERONT PAS PORTEURS D\u2019UN VIRUS, VER INFORMATIQUE, CHEVAL DE TROIE OU AUTRE CODE POUVANT AVOIR DES PROPRI\u00c9T\u00c9S CONTAMINANTES OU DESTRUCTRICES. ULTIMA NE D\u00c9CLARE NI NE GARANTIT QUE SON SITE WEB OU QUE LES COURRIELS EXP\u00c9DI\u00c9S \u00c0 PARTIR DE CELUI-CI SONT EXEMPTS DE VIRUS OU D\u2019AUTRES COMPOSANTS NUISIBLES.<\/p>\n\n\n\n<p>DANS LA PLEINE MESURE PERMISE PAR LE DROIT APPLICABLE, LES GARANTIES ET RECOURS D\u2019ULTIMA (LE CAS \u00c9CH\u00c9ANT) QUI SONT EXPRESS\u00c9MENT PR\u00c9VUS AUX PR\u00c9SENTES SONT EXCLUSIFS ET ILS REMPLACENT TOUTES LES AUTRES GARANTIES, EXPRESSES OU IMPLICITES, DANS LES FAITS OU PAR OP\u00c9RATION DE LA LOI, LES DEVOIRS, LES D\u00c9CLARATIONS VERBALES OU \u00c9CRITES OU AUTREMENT, NOTAMMENT LES GARANTIES IMPLICITES QUANT \u00c0 LA QUALIT\u00c9 MARCHANDE, LA DISPONIBILIT\u00c9, LE RENDEMENT, LA COMPATIBILIT\u00c9, L\u2019ADAPTATION \u00c0 UNE FIN PARTICULI\u00c8RE, LA QUALIT\u00c9 SATISFAISANTE, LE RESPECT DE LA DESCRIPTION ET L\u2019ABSENCE DE CONTREFA\u00c7ON, LESQUELLES SONT TOUTES EXPRESS\u00c9MENT EXCLUES.<\/p>\n\n\n\n<p><strong>LIMITATION DE RESPONSABILIT\u00c9<\/strong><\/p>\n\n\n\n<p>DANS LA PLEINE MESURE PERMISE PAR LE DROIT APPLICABLE, EN AUCUN CAS ULTIMA, SES SOCI\u00c9T\u00c9S AFFILI\u00c9ES, FOURNISSEURS, PARTENAIRES, CONC\u00c9DANTS ET CHACUN DE LEURS ADMINISTRATEURS, DIRIGEANTS, EMPLOY\u00c9S, CONSULTANTS, AGENTS ET FOURNISSEURS RESPECTIFS NE SAURAIENT \u00caTRE TENUS RESPONSABLES QUE CE SOIT FOND\u00c9 SUR UN CONTRAT OU UN D\u00c9LIT, (Y COMPRIS LA N\u00c9GLIGENCE) OU LA RESPONSABILIT\u00c9 STRICTE, DES DOMMAGES-INT\u00c9R\u00caTS INCIDENTS (Y COMPRIS LES FRAIS JURIDIQUES), DIRECTS, INDIRECTS, CONS\u00c9QUENTS, SP\u00c9CIAUX OU PUNITIFS DE QUELQUE NATURE QUE CE SOIT, OU DES PERTES DE REVENUS OU DE PROFITS, DES PERTES D\u2019OCCASIONS D\u2019AFFAIRES, DES PERTES OU DES ALT\u00c9RATIONS DE RENSEIGNEMENTS OU DE DONN\u00c9ES OU D\u2019UN ACC\u00c8S NON AUTORIS\u00c9 \u00c0 CEUX-CI OU D\u2019UNE DIVULGATION DES RENSEIGNEMENTS OU DES DONN\u00c9ES OU D\u2019AUTRES PERTES FINANCI\u00c8RES QUI D\u00c9COULENT DE L\u2019UTILISATION, DE L\u2019EX\u00c9CUTION, DU D\u00c9FAUT OU DE L\u2019INTERRUPTION DU SITE WEB QUE CE SOIT PR\u00c9VISIBLE OU NON, ET CE M\u00caME SI ULTIMA AVAIT \u00c9T\u00c9 AVIS\u00c9E DE LA POSSIBILIT\u00c9 DE TELS DOMMAGES. SI ULTIMA EST TENUE DE VOUS PAYER DES DOMMAGES-INT\u00c9R\u00caTS, L\u2019OBLIGATION CUMULATIVE TOTALE D\u2019ULTIMA AUX TERMES DES PR\u00c9SENTES NE SAURAIT EXC\u00c9DER 100$ CAD, SAUF SI INTERDIT PAR LE DROIT APPLICABLE.<\/p>\n\n\n\n<p><strong>Indemnisation<\/strong><\/p>\n\n\n\n<p>Vous convenez de prendre fait et cause pour Ultima, ses soci\u00e9t\u00e9s affili\u00e9es, fournisseurs, partenaires, conc\u00e9dants et chacun de leurs administrateurs, dirigeants et employ\u00e9s respectifs et de les indemniser contre les r\u00e9clamations, obligations, dommages-int\u00e9r\u00eats, pertes et d\u00e9penses, notamment les honoraires juridiques et comptables raisonnables, qui sont li\u00e9s de quelque fa\u00e7on que ce soit \u00e0 votre acc\u00e8s ou utilisation du Site Web.<\/p>\n\n\n\n<p><strong>Refus ou interruption d\u2019acc\u00e8s au Site Web<\/strong><\/p>\n\n\n\n<p>Ultima peut, \u00e0 sa discr\u00e9tion, vous refuser ou interrompre votre acc\u00e8s au Site Web pour quelque raison que ce soit, notamment si Ultima croit que vous n\u2019avez pas respect\u00e9 les pr\u00e9sentes Conditions d\u2019utilisation. Vous convenez qu\u2019Ultima ne peut \u00eatre tenue responsable \u00e0 votre \u00e9gard ni \u00e0 celui de quelque autre personne que ce soit en cas de refus ou d\u2019interruption de votre acc\u00e8s au Site Web.<\/p>\n\n\n\n<p><strong>Lois applicables<\/strong><\/p>\n\n\n\n<p>Les pr\u00e9sentes Conditions d\u2019utilisation sont r\u00e9gies et interpr\u00e9t\u00e9es en conformit\u00e9 avec les lois de la province de Qu\u00e9bec et les lois f\u00e9d\u00e9rales du Canada applicables aux pr\u00e9sentes sans \u00e9gard aux principes de conflit de lois. Les tribunaux de la province de Qu\u00e9bec auront juridiction exclusive pour tous les litiges. Par les pr\u00e9sentes, les parties se soumettent irr\u00e9vocablement \u00e0 la comp\u00e9tence des tribunaux du district de Montr\u00e9al dans la province de Qu\u00e9bec.<\/p>\n\n\n\n<p><strong>Divisibilit\u00e9<\/strong><\/p>\n\n\n\n<p>Si une disposition en particulier des pr\u00e9sentes Conditions d\u2019utilisation est d\u00e9clar\u00e9e non valide par un tribunal comp\u00e9tent, la disposition sera r\u00e9put\u00e9e exclue des pr\u00e9sentes Conditions d\u2019utilisation et n\u2019aura aucune incidence sur la validit\u00e9 de ces derni\u00e8res dans leur ensemble.<\/p>\n\n\n\n<p><strong>Entente int\u00e9grale<\/strong><\/p>\n\n\n\n<p>Les pr\u00e9sentes Conditions d\u2019utilisation constituent l\u2019entente compl\u00e8te et int\u00e9grale conclue entre les parties relativement \u00e0 l\u2019utilisation du Site Web, et elles remplacent toutes les communications, propositions ou ententes ant\u00e9rieures intervenues entre vous et Ultima en ce qui concerne le pr\u00e9sent Site Web.<\/p>\n\n\n\n<p><strong>Non-renonciation<\/strong><\/p>\n\n\n\n<p>Ultima ne pourra \u00eatre consid\u00e9r\u00e9e comme ayant renonc\u00e9 \u00e0 quelque droit ou recours que ce soit d\u00e9crit dans les pr\u00e9sentes Conditions d\u2019utilisation, sauf si une renonciation est faite par \u00e9crit et sign\u00e9e par Ultima. Aucun d\u00e9lai ou aucune omission de la part d\u2019Ultima dans l\u2019exercice de ses droits ou recours ne pourra \u00eatre interpr\u00e9t\u00e9 comme une renonciation \u00e0 faire valoir en tout temps ses droits ou recours.<\/p>\n\n\n\n<p><strong>Pour communiquer avec Ultima<\/strong><\/p>\n\n\n\n<p>Si vous avez des pr\u00e9occupations, des questions ou des plaintes relativement aux pr\u00e9sentes Conditions d\u2019utilisation, veuillez communiquer avec Ultima : cliquez&nbsp;<a href=\"https:\/\/www.ultimayog.ca\/contact\/\" target=\"_blank\" rel=\"noreferrer noopener\">ici<\/a>.<\/p>\n","protected":false},"excerpt":{"rendered":"<p>Conditions d\u2019utilisation Aliments Ultima Inc. et ses soci\u00e9t\u00e9s affili\u00e9es (ci-apr\u00e8s collectivement \u00ab&nbsp;Ultima&nbsp;\u00bb) vous souhaitent la bienvenue sur le pr\u00e9sent site Web (le \u201c&nbsp;Site Web&nbsp;\u201d). Ultima est une compagnie ayant son si\u00e8ge social situ\u00e9 au: Ultima Foods Inc.405 The West Mall, Suite 1000Toronto, OntarioCanada M9C 5J1 En acc\u00e9dant au pr\u00e9sent Site Web, en l\u2019utilisant ou en&hellip; <a class=\"more-link\" href=\"https:\/\/olympicdairy.com\/fr\/conditions-dutilisation\/\">Continue reading <span class=\"screen-reader-text\">Conditions d\u2019utilisation<\/span><\/a><\/p>\n","protected":false},"author":1,"featured_media":0,"parent":0,"menu_order":13,"comment_status":"closed","ping_status":"closed","template":"","meta":[],"acf":[],"_links":{"self":[{"href":"https:\/\/olympicdairy.com\/fr\/wp-json\/wp\/v2\/pages\/2642"}],"collection":[{"href":"https:\/\/olympicdairy.com\/fr\/wp-json\/wp\/v2\/pages"}],"about":[{"href":"https:\/\/olympicdairy.com\/fr\/wp-json\/wp\/v2\/types\/page"}],"author":[{"embeddable":true,"href":"https:\/\/olympicdairy.com\/fr\/wp-json\/wp\/v2\/users\/1"}],"replies":[{"embeddable":true,"href":"https:\/\/olympicdairy.com\/fr\/wp-json\/wp\/v2\/comments?post=2642"}],"version-history":[{"count":3,"href":"https:\/\/olympicdairy.com\/fr\/wp-json\/wp\/v2\/pages\/2642\/revisions"}],"predecessor-version":[{"id":2650,"href":"https:\/\/olympicdairy.com\/fr\/wp-json\/wp\/v2\/pages\/2642\/revisions\/2650"}],"wp:attachment":[{"href":"https:\/\/olympicdairy.com\/fr\/wp-json\/wp\/v2\/media?parent=2642"}],"curies":[{"name":"wp","href":"https:\/\/api.w.org\/{rel}","templated":true}]}}