{"id":3275,"date":"2023-03-21T15:02:35","date_gmt":"2023-03-21T19:02:35","guid":{"rendered":"https:\/\/www.olympicdairy.com\/where-to-buy\/"},"modified":"2023-10-02T14:04:15","modified_gmt":"2023-10-02T18:04:15","slug":"ou-acheter","status":"publish","type":"page","link":"https:\/\/olympicdairy.com\/fr\/ou-acheter\/","title":{"rendered":"O\u00f9 acheter"},"content":{"rendered":"\n<div class=\"wp-block-columns alignfull are-vertically-aligned-center olympic-page-hero-container alignfull\">\n    <div class=\"wp-block-column is-vertically-aligned-center\">\n        <div class=\"wp-block-cover alignfull\">\n                            <div class=\"overlay\"><\/div>\n                        <img loading=\"lazy\" class=\"wp-block-cover__image-background\" alt=\"\" src=\"https:\/\/olympicdairy.com\/wp-content\/uploads\/2023\/10\/WTB_Hero_1440x810.jpg\" data-object-fit=\"cover\" width=\"1440\" height=\"810\">\n            <div class=\"wp-block-cover__inner-container\">\n                <h1 class=\"has-text-align-center heading-strong\">O\u00f9 acheter\n<\/h1>\n                <p>Utilisez notre localisateur de produits ci-dessous pour trouver les d\u00e9taillants de votre r\u00e9gion qui offrent les produits Olympic. Si vous ne parvenez pas \u00e0 trouver les produits Olympic dans votre magasin sp\u00e9cifique local, vous pouvez vous adresser au responsable de votre magasin afin de lui demander de proposer les produits Olympic.<\/p>\n            <\/div>\n        <\/div>\n    <\/div>\n<\/div>","protected":false},"excerpt":{"rendered":"","protected":false},"author":1,"featured_media":0,"parent":0,"menu_order":14,"comment_status":"closed","ping_status":"closed","template":"","meta":[],"acf":[],"_links":{"self":[{"href":"https:\/\/olympicdairy.com\/fr\/wp-json\/wp\/v2\/pages\/3275"}],"collection":[{"href":"https:\/\/olympicdairy.com\/fr\/wp-json\/wp\/v2\/pages"}],"about":[{"href":"https:\/\/olympicdairy.com\/fr\/wp-json\/wp\/v2\/types\/page"}],"author":[{"embeddable":true,"href":"https:\/\/olympicdairy.com\/fr\/wp-json\/wp\/v2\/users\/1"}],"replies":[{"embeddable":true,"href":"https:\/\/olympicdairy.com\/fr\/wp-json\/wp\/v2\/comments?post=3275"}],"version-history":[{"count":17,"href":"https:\/\/olympicdairy.com\/fr\/wp-json\/wp\/v2\/pages\/3275\/revisions"}],"predecessor-version":[{"id":3781,"href":"https:\/\/olympicdairy.com\/fr\/wp-json\/wp\/v2\/pages\/3275\/revisions\/3781"}],"wp:attachment":[{"href":"https:\/\/olympicdairy.com\/fr\/wp-json\/wp\/v2\/media?parent=3275"}],"curies":[{"name":"wp","href":"https:\/\/api.w.org\/{rel}","templated":true}]}}